{"id":767,"date":"2025-09-02T11:30:29","date_gmt":"2025-09-02T09:30:29","guid":{"rendered":"https:\/\/demo.vbrk.de\/?page_id=767"},"modified":"2025-09-04T13:42:01","modified_gmt":"2025-09-04T11:42:01","slug":"kreisvereine-unterfranken","status":"publish","type":"page","link":"https:\/\/demo.vbrk.de\/?page_id=767","title":{"rendered":"Kreisvereine Unterfranken"},"content":{"rendered":"<h2>\u00a0<\/h2>\n<h2>Bad Kissingen<\/h2>\n\n\n<p>&nbsp;<\/p>\n\n\n\n<p><strong>Kreisvorsitzender:<\/strong><\/p>\n\n\n\n<p>Peter H\u00fcbner, W\u00fcstgasse 6, 97633 Alsleben, Tel. 0175\/9365138, 09765\/463, Fax 09765\/790108,&nbsp;<a href=\"mailto:peter.huebner@deutsche%E2%80%93tiernahrung.de\">peter.huebner@deutsche\u2013tiernahrung.de<\/a><\/p>\n\n\n\n<p><strong>Kreisjugendleiter:<\/strong><\/p>\n\n\n\n<p>Katja Feineis, Am Radweg 22, 97688 Bad Kissingen, Tel. 0971\/63547, 0170\/3259670&nbsp;<a href=\"mailto:katja.feineis@web.de\">katja.feineis@web.de<\/a><\/p>\n\n\n\n<p><p>&nbsp;<\/p>\n<p>&nbsp;<\/p><\/p>\n\n\n\n<figure class=\"wp-block-flexible-table-block-table\"><table class=\"has-fixed-layout\"><tbody><tr><td>&nbsp;<\/td><td>&nbsp;<\/td><td>&nbsp;<\/td><td>&nbsp;<\/td><td>&nbsp;<\/td><\/tr><tr><td>&nbsp;<\/td><td>&nbsp;<\/td><td>&nbsp;<\/td><td>&nbsp;<\/td><td>&nbsp;<\/td><\/tr><\/tbody><\/table><\/figure>\n\n\n\n<p><\/p>\n\n\n\n<p><\/p>\n\n\n<h2>\u00a0<\/h2>\n<h2>\u00a0<\/h2>\n<h2>Ha\u00dfberge<\/h2>\n\n\n<p>&nbsp;<\/p>\n\n\n\n<p><strong>Kreisvorsitzender:<\/strong><\/p>\n\n\n\n<p>Michael Neuh\u00f6fer, Am Brunnenfeld 3a, 97633 Trappstadt, Tel. 09765\/1240,&nbsp;<a href=\"mailto:mn.pflastern@t-online.de\">mn.pflastern@t-online.de<\/a><\/p>\n\n\n\n<p><strong>Kreisjugendleiter:<\/strong><\/p>\n\n\n\n<p>zur Zeit nicht besetzt<\/p>\n\n\n\n<h2 class=\"wp-block-heading\"><\/h2>\n\n\n\n<h2 class=\"wp-block-heading\"><\/h2>\n\n\n\n<p><\/p>\n\n\n\n<p><\/p>\n\n\n\n<figure class=\"wp-block-flexible-table-block-table\"><table class=\"has-fixed-layout\"><tbody><tr><td>&nbsp;<\/td><td>&nbsp;<\/td><td>&nbsp;<\/td><td>&nbsp;<\/td><td>&nbsp;<\/td><\/tr><tr><td>&nbsp;<\/td><td>&nbsp;<\/td><td>&nbsp;<\/td><td>&nbsp;<\/td><td>&nbsp;<\/td><\/tr><tr><td>&nbsp;<\/td><td>&nbsp;<\/td><td>&nbsp;<\/td><td>&nbsp;<\/td><td>&nbsp;<\/td><\/tr><tr><td>&nbsp;<\/td><td>&nbsp;<\/td><td>&nbsp;<\/td><td>&nbsp;<\/td><td>&nbsp;<\/td><\/tr><tr><td>&nbsp;<\/td><td>&nbsp;<\/td><td>&nbsp;<\/td><td>&nbsp;<\/td><td>&nbsp;<\/td><\/tr><tr><td>&nbsp;<\/td><td>&nbsp;<\/td><td>&nbsp;<\/td><td>&nbsp;<\/td><td>&nbsp;<\/td><\/tr><tr><td>&nbsp;<\/td><td>&nbsp;<\/td><td>&nbsp;<\/td><td>&nbsp;<\/td><td>&nbsp;<\/td><\/tr><\/tbody><\/table><\/figure>\n\n\n\n<p><\/p>\n\n\n<h2>\u00a0<\/h2>\n<h2>\u00a0<\/h2>\n<h2>Miltenberg<\/h2>\n\n\n<p>&nbsp;<\/p>\n\n\n\n<p><strong>Kreisvorsitzender:<\/strong><\/p>\n\n\n\n<p>Franz Wacker, Flurweg 1, 63906 Erlenbach\/Main, Tel. 09372\/5307&nbsp;<a href=\"mailto:franzpwacker@r-online.de\">franzpwacker@r-online.de<\/a><\/p>\n\n\n\n<p><strong>Kreisjugendleiter:<\/strong><\/p>\n\n\n\n<p>Sinjes Schubert, Am Frohnacker 3, 63906 Erlenbach<\/p>\n\n\n\n<p><p>&nbsp;<\/p>\n<p>&nbsp;<\/p><\/p>\n\n\n\n<figure class=\"wp-block-flexible-table-block-table\"><table class=\"has-fixed-layout\"><tbody><tr><td>&nbsp;<\/td><td>&nbsp;<\/td><td>&nbsp;<\/td><td>&nbsp;<\/td><td>&nbsp;<\/td><\/tr><tr><td>&nbsp;<\/td><td>&nbsp;<\/td><td>&nbsp;<\/td><td>&nbsp;<\/td><td>&nbsp;<\/td><\/tr><tr><td>&nbsp;<\/td><td>&nbsp;<\/td><td>&nbsp;<\/td><td>&nbsp;<\/td><td>&nbsp;<\/td><\/tr><tr><td>&nbsp;<\/td><td>&nbsp;<\/td><td>&nbsp;<\/td><td>&nbsp;<\/td><td>&nbsp;<\/td><\/tr><tr><td>&nbsp;<\/td><td>&nbsp;<\/td><td>&nbsp;<\/td><td>&nbsp;<\/td><td>&nbsp;<\/td><\/tr><tr><td>&nbsp;<\/td><td>&nbsp;<\/td><td>&nbsp;<\/td><td>&nbsp;<\/td><td>&nbsp;<\/td><\/tr><tr><td>&nbsp;<\/td><td>&nbsp;<\/td><td>&nbsp;<\/td><td>&nbsp;<\/td><td>&nbsp;<\/td><\/tr><\/tbody><\/table><\/figure>\n\n\n\n<p><p>&nbsp;<\/p>\n<p>&nbsp;<\/p><\/p>\n\n\n\n<h2 class=\"wp-block-heading\">Rh\u00f6n-Grabfeld<\/h2>\n\n\n\n<p>&nbsp;<\/p>\n\n\n\n<p><strong>Kreisvorsitzender:<\/strong><\/p>\n\n\n\n<p>Helmut Fritzges, Biebrichshof 4, 97654 Unterwaldbehrungen, Tel. 0151\/19107431,&nbsp;<a href=\"https:\/\/www.kaninchen-bayern.de\/_html\/bezirke\/kreise\/mailtohelmut.fritzges@web.de\">helmut.fritzges@web.de<\/a><\/p>\n\n\n\n<p><strong>Kreisjugendleiter:<br><br><\/strong>z.Zt. unbesetzt<\/p>\n\n\n\n<p><p>&nbsp;<\/p>\n<p>&nbsp;<\/p><\/p>\n\n\n\n<figure class=\"wp-block-flexible-table-block-table\"><table class=\"has-fixed-layout\"><tbody><tr><td>&nbsp;<\/td><td>&nbsp;<\/td><td>&nbsp;<\/td><td>&nbsp;<\/td><td>&nbsp;<\/td><\/tr><tr><td>&nbsp;<\/td><td>&nbsp;<\/td><td>&nbsp;<\/td><td>&nbsp;<\/td><td>&nbsp;<\/td><\/tr><tr><td>&nbsp;<\/td><td>&nbsp;<\/td><td>&nbsp;<\/td><td>&nbsp;<\/td><td>&nbsp;<\/td><\/tr><tr><td>&nbsp;<\/td><td>&nbsp;<\/td><td>&nbsp;<\/td><td>&nbsp;<\/td><td>&nbsp;<\/td><\/tr><tr><td>&nbsp;<\/td><td>&nbsp;<\/td><td>&nbsp;<\/td><td>&nbsp;<\/td><td>&nbsp;<\/td><\/tr><tr><td>&nbsp;<\/td><td>&nbsp;<\/td><td>&nbsp;<\/td><td>&nbsp;<\/td><td>&nbsp;<\/td><\/tr><tr><td>&nbsp;<\/td><td>&nbsp;<\/td><td>&nbsp;<\/td><td>&nbsp;<\/td><td>&nbsp;<\/td><\/tr><tr><td>&nbsp;<\/td><td>&nbsp;<\/td><td>&nbsp;<\/td><td>&nbsp;<\/td><td>&nbsp;<\/td><\/tr><\/tbody><\/table><\/figure>\n\n\n\n<p><p>&nbsp;<\/p>\n<p>&nbsp;<\/p><\/p>\n\n\n\n<h2 class=\"wp-block-heading\">Schweinfurt<\/h2>\n\n\n\n<p><strong>Kreisvorsitzender:<\/strong><\/p>\n\n\n\n<p>Dieter Riegler, Rossbachstra\u00dfe 16, 97437 Ha\u00dffurt, Tel. 09521\/9580026, 0171\/2119770,&nbsp;<a href=\"mailto:dieterriegler33@gmail.com\">dieterriegler33@gmail.com<\/a><\/p>\n\n\n\n<p><strong>Kreisjugendleiter:<\/strong><\/p>\n\n\n\n<p>Dieter Riegler, Rossbachstra\u00dfe 16, 97437 Ha\u00dffurt, Tel. 09521\/9580026, 0171\/2119770,&nbsp;<a href=\"mailto:dieterriegler33@gmail.com\">dieterriegler33@gmail.com<\/a><\/p>\n\n\n\n<p><p>&nbsp;<\/p>\n<p>&nbsp;<\/p><\/p>\n\n\n\n<figure class=\"wp-block-flexible-table-block-table\"><table class=\"has-fixed-layout\"><tbody><tr><td>&nbsp;<\/td><td>&nbsp;<\/td><td>&nbsp;<\/td><td>&nbsp;<\/td><td>&nbsp;<\/td><\/tr><tr><td>&nbsp;<\/td><td>&nbsp;<\/td><td>&nbsp;<\/td><td>&nbsp;<\/td><td>&nbsp;<\/td><\/tr><tr><td>&nbsp;<\/td><td>&nbsp;<\/td><td>&nbsp;<\/td><td>&nbsp;<\/td><td>&nbsp;<\/td><\/tr><tr><td>&nbsp;<\/td><td>&nbsp;<\/td><td>&nbsp;<\/td><td>&nbsp;<\/td><td>&nbsp;<\/td><\/tr><tr><td>&nbsp;<\/td><td>&nbsp;<\/td><td>&nbsp;<\/td><td>&nbsp;<\/td><td>&nbsp;<\/td><\/tr><tr><td>&nbsp;<\/td><td>&nbsp;<\/td><td>&nbsp;<\/td><td>&nbsp;<\/td><td>&nbsp;<\/td><\/tr><tr><td>&nbsp;<\/td><td>&nbsp;<\/td><td>&nbsp;<\/td><td>&nbsp;<\/td><td>&nbsp;<\/td><\/tr><tr><td>&nbsp;<\/td><td>&nbsp;<\/td><td>&nbsp;<\/td><td>&nbsp;<\/td><td>&nbsp;<\/td><\/tr><tr><td>&nbsp;<\/td><td>&nbsp;<\/td><td>&nbsp;<\/td><td>&nbsp;<\/td><td>&nbsp;<\/td><\/tr><\/tbody><\/table><\/figure>\n\n\n\n<p><p>&nbsp;<\/p>\n<p>&nbsp;<\/p><\/p>\n\n\n\n<h2 class=\"wp-block-heading\">W\u00fcrzbur-Main-Spessart-Kitzingen<\/h2>\n\n\n\n<p>&nbsp;<\/p>\n\n\n\n<p>G\u00fcnter Sch\u00fcrrer, Siedlerstra\u00dfe 20, 97230 Estenfeld, Tel. 09305\/8429&nbsp;<a href=\"mailto:Guenter.sch%C3%BCrrer@freenet.de\">Guenter.sch\u00fcrrer@freenet.de<\/a><\/p>\n\n\n\n<p><strong>Kreisjugendleiter:<\/strong><\/p>\n\n\n\n<p>Miriam Popp, Am Schmalenbach 10, 97255 Sonderhofen, Tel. 09337\/98987,&nbsp;<a href=\"mailto:mamipo@t-online.de\">mamipo@t-online.de<\/a><\/p>\n\n\n\n<p><p>&nbsp;<\/p>\n<p>&nbsp;<\/p><\/p>\n\n\n\n<figure class=\"wp-block-flexible-table-block-table\"><table class=\"has-fixed-layout\"><tbody><tr><td>&nbsp;<\/td><td>&nbsp;<\/td><td>&nbsp;<\/td><td>&nbsp;<\/td><td>&nbsp;<\/td><\/tr><tr><td>&nbsp;<\/td><td>&nbsp;<\/td><td>&nbsp;<\/td><td>&nbsp;<\/td><td>&nbsp;<\/td><\/tr><tr><td>&nbsp;<\/td><td>&nbsp;<\/td><td>&nbsp;<\/td><td>&nbsp;<\/td><td>&nbsp;<\/td><\/tr><tr><td>&nbsp;<\/td><td>&nbsp;<\/td><td>&nbsp;<\/td><td>&nbsp;<\/td><td>&nbsp;<\/td><\/tr><tr><td>&nbsp;<\/td><td>&nbsp;<\/td><td>&nbsp;<\/td><td>&nbsp;<\/td><td>&nbsp;<\/td><\/tr><tr><td>&nbsp;<\/td><td>&nbsp;<\/td><td>&nbsp;<\/td><td>&nbsp;<\/td><td>&nbsp;<\/td><\/tr><tr><td>&nbsp;<\/td><td>&nbsp;<\/td><td>&nbsp;<\/td><td>&nbsp;<\/td><td>&nbsp;<\/td><\/tr><tr><td>&nbsp;<\/td><td>&nbsp;<\/td><td>&nbsp;<\/td><td>&nbsp;<\/td><td>&nbsp;<\/td><\/tr><tr><td>&nbsp;<\/td><td>&nbsp;<\/td><td>&nbsp;<\/td><td>&nbsp;<\/td><td>&nbsp;<\/td><\/tr><tr><td>&nbsp;<\/td><td>&nbsp;<\/td><td>&nbsp;<\/td><td>&nbsp;<\/td><td>&nbsp;<\/td><\/tr><tr><td>&nbsp;<\/td><td>&nbsp;<\/td><td>&nbsp;<\/td><td>&nbsp;<\/td><td>&nbsp;<\/td><\/tr><tr><td>&nbsp;<\/td><td>&nbsp;<\/td><td>&nbsp;<\/td><td>&nbsp;<\/td><td>&nbsp;<\/td><\/tr><tr><td>&nbsp;<\/td><td>&nbsp;<\/td><td>&nbsp;<\/td><td>&nbsp;<\/td><td>&nbsp;<\/td><\/tr><tr><td>&nbsp;<\/td><td>&nbsp;<\/td><td>&nbsp;<\/td><td>&nbsp;<\/td><td>&nbsp;<\/td><\/tr><tr><td>&nbsp;<\/td><td>&nbsp;<\/td><td>&nbsp;<\/td><td>&nbsp;<\/td><td>&nbsp;<\/td><\/tr><tr><td>&nbsp;<\/td><td>&nbsp;<\/td><td>&nbsp;<\/td><td>&nbsp;<\/td><td>&nbsp;<\/td><\/tr><tr><td>&nbsp;<\/td><td>&nbsp;<\/td><td>&nbsp;<\/td><td>&nbsp;<\/td><td>&nbsp;<\/td><\/tr><tr><td>&nbsp;<\/td><td>&nbsp;<\/td><td>&nbsp;<\/td><td>&nbsp;<\/td><td>&nbsp;<\/td><\/tr><tr><td>&nbsp;<\/td><td>&nbsp;<\/td><td>&nbsp;<\/td><td>&nbsp;<\/td><td>&nbsp;<\/td><\/tr><tr><td>&nbsp;<\/td><td>&nbsp;<\/td><td>&nbsp;<\/td><td>&nbsp;<\/td><td>&nbsp;<\/td><\/tr><\/tbody><\/table><\/figure>\n","protected":false},"excerpt":{"rendered":"<p>\u00a0 Bad Kissingen &nbsp; Kreisvorsitzender: Peter H\u00fcbner, W\u00fcstgasse 6, 97633 Alsleben, Tel. 0175\/9365138, 09765\/463, Fax 09765\/790108,&nbsp;peter.huebner@deutsche\u2013tiernahrung.de Kreisjugendleiter: Katja Feineis, Am Radweg 22, 97688 Bad Kissingen, Tel. 0971\/63547, 0170\/3259670&nbsp;katja.feineis@web.de &nbsp; &nbsp; \u00a0 \u00a0 Ha\u00dfberge &nbsp; Kreisvorsitzender: Michael Neuh\u00f6fer, Am Brunnenfeld 3a,<\/p>\n","protected":false},"author":2,"featured_media":0,"parent":0,"menu_order":0,"comment_status":"closed","ping_status":"closed","template":"","meta":{"footnotes":""},"class_list":["post-767","page","type-page","status-publish","hentry"],"_links":{"self":[{"href":"https:\/\/demo.vbrk.de\/index.php?rest_route=\/wp\/v2\/pages\/767","targetHints":{"allow":["GET"]}}],"collection":[{"href":"https:\/\/demo.vbrk.de\/index.php?rest_route=\/wp\/v2\/pages"}],"about":[{"href":"https:\/\/demo.vbrk.de\/index.php?rest_route=\/wp\/v2\/types\/page"}],"author":[{"embeddable":true,"href":"https:\/\/demo.vbrk.de\/index.php?rest_route=\/wp\/v2\/users\/2"}],"replies":[{"embeddable":true,"href":"https:\/\/demo.vbrk.de\/index.php?rest_route=%2Fwp%2Fv2%2Fcomments&post=767"}],"version-history":[{"count":28,"href":"https:\/\/demo.vbrk.de\/index.php?rest_route=\/wp\/v2\/pages\/767\/revisions"}],"predecessor-version":[{"id":907,"href":"https:\/\/demo.vbrk.de\/index.php?rest_route=\/wp\/v2\/pages\/767\/revisions\/907"}],"wp:attachment":[{"href":"https:\/\/demo.vbrk.de\/index.php?rest_route=%2Fwp%2Fv2%2Fmedia&parent=767"}],"curies":[{"name":"wp","href":"https:\/\/api.w.org\/{rel}","templated":true}]}}