{"id":766,"date":"2025-09-02T11:30:27","date_gmt":"2025-09-02T09:30:27","guid":{"rendered":"https:\/\/demo.vbrk.de\/?page_id=766"},"modified":"2025-09-04T12:39:51","modified_gmt":"2025-09-04T10:39:51","slug":"kreisvereine-mittelfranken","status":"publish","type":"page","link":"https:\/\/demo.vbrk.de\/?page_id=766","title":{"rendered":"Kreisvereine Mittelfranken"},"content":{"rendered":"<p>\n\n<\/p>\n<h2>\u00a0<\/h2>\n<h2>N\u00fcrnberg Stadt e.V<\/h2>\n<p>\n\n<\/p>\n<p>\n\n\n<p><strong>Kreisvorsitzende<\/strong>:<\/p>\n\n\n<\/p>\n<p>Petra Christof, Zur Hohen Weide 3, 90427 N\u00fcrnberg, Tel. 01711467793,\u00a0<a href=\"mailto:petra.christof@live.de\">petra.christof@live.de<\/a>Horst R\u00f6gner, Kruppacherstr.5a, 91238 Engelthal, Tel. 09158\/928543,\u00a0<a href=\"mailto:h.u.d.roegner@t-online.de\">h.u.d.roegner@t-online.de<\/a><\/p>\n<p>\n\n<\/p>\n<p><strong>Kreisvorsitzende der Frauengruppen:<\/strong><\/p>\n<p>\n\n<\/p>\n<p>zur Zeit nicht besetzt<\/p>\n<p>\n\n<\/p>\n<p><strong>Kreisjugendleiter:<\/strong><\/p>\n<p>\n\n<\/p>\n<p>Aktuell kein Kreisjugendleiter vorhanden, R\u00fcckfragen an KV Vorstand richten<\/p>\n<p>\n\n<\/p>\n<p>\u00a0<\/p>\n<p>\u00a0<\/p>\n<p>\n\n\n<figure class=\"wp-block-flexible-table-block-table\"><table class=\"has-fixed-layout\"><tbody><tr><td>&nbsp;<\/td><td>&nbsp;<\/td><td>&nbsp;<\/td><td>&nbsp;<\/td><td>&nbsp;<\/td><\/tr><tr><td>&nbsp;<\/td><td>&nbsp;<\/td><td>&nbsp;<\/td><td>&nbsp;<\/td><td>&nbsp;<\/td><\/tr><tr><td>&nbsp;<\/td><td>&nbsp;<\/td><td>&nbsp;<\/td><td>&nbsp;<\/td><td>&nbsp;<\/td><\/tr><tr><td>&nbsp;<\/td><td>&nbsp;<\/td><td>&nbsp;<\/td><td>&nbsp;<\/td><td>&nbsp;<\/td><\/tr><tr><td>&nbsp;<\/td><td>&nbsp;<\/td><td>&nbsp;<\/td><td>&nbsp;<\/td><td>&nbsp;<\/td><\/tr><tr><td>&nbsp;<\/td><td>&nbsp;<\/td><td>&nbsp;<\/td><td>&nbsp;<\/td><td>&nbsp;<\/td><\/tr><tr><td>&nbsp;<\/td><td>&nbsp;<\/td><td>&nbsp;<\/td><td>&nbsp;<\/td><td>&nbsp;<\/td><\/tr><\/tbody><\/table><\/figure>\n\n\n<\/p>\n<p>\u00a0<\/p>\n<p>\u00a0<\/p>\n<p>\n\n<\/p>\n<h2>Altlandkreis Lauf-Hersbruck<\/h2>\n<p>\n\n<\/p>\n<p>\n\n<\/p>\n<p><strong>Kreisvorsitzender:<\/strong><\/p>\n<p>\n\n<\/p>\n<p>Horst R\u00f6gner, Kruppacherstr.5a, 91238 Engelthal, Tel. 09158\/928543,\u00a0<a href=\"mailto:h.u.d.roegner@t-online.de\">h.u.d.roegner@t-online.de<\/a><\/p>\n<p>\n\n<\/p>\n<p><strong>Kreisvorsitzende der Frauengruppen:<\/strong><\/p>\n<p>\n\n<\/p>\n<p>Inge Meitner, Untere Hagenstra\u00dfe 14, 91217 Hersbruck, Tel. 09151\/3832<\/p>\n<p>\n\n<\/p>\n<p><strong>Kreisjugendleiter:<\/strong><\/p>\n<p>\n\n<\/p>\n<p>Reinhold Strobel, Raitenberg 18, 91235 Velden, \u00a0 Tel. 09152\/298<\/p>\n<p>\n\n<\/p>\n<p>\u00a0<\/p>\n<p>\u00a0<\/p>\n<p>\n\n\n<figure class=\"wp-block-flexible-table-block-table\"><table class=\"has-fixed-layout\"><tbody><tr><td>&nbsp;<\/td><td>&nbsp;<\/td><td>&nbsp;<\/td><td>&nbsp;<\/td><td>&nbsp;<\/td><\/tr><tr><td>&nbsp;<\/td><td>&nbsp;<\/td><td>&nbsp;<\/td><td>&nbsp;<\/td><td>&nbsp;<\/td><\/tr><tr><td>&nbsp;<\/td><td>&nbsp;<\/td><td>&nbsp;<\/td><td>&nbsp;<\/td><td>&nbsp;<\/td><\/tr><tr><td>&nbsp;<\/td><td>&nbsp;<\/td><td>&nbsp;<\/td><td>&nbsp;<\/td><td>&nbsp;<\/td><\/tr><tr><td>&nbsp;<\/td><td>&nbsp;<\/td><td>&nbsp;<\/td><td>&nbsp;<\/td><td>&nbsp;<\/td><\/tr><tr><td>&nbsp;<\/td><td>&nbsp;<\/td><td>&nbsp;<\/td><td>&nbsp;<\/td><td>&nbsp;<\/td><\/tr><tr><td>&nbsp;<\/td><td>&nbsp;<\/td><td>&nbsp;<\/td><td>&nbsp;<\/td><td>&nbsp;<\/td><\/tr><tr><td>&nbsp;<\/td><td>&nbsp;<\/td><td>&nbsp;<\/td><td>&nbsp;<\/td><td>&nbsp;<\/td><\/tr><tr><td>&nbsp;<\/td><td>&nbsp;<\/td><td>&nbsp;<\/td><td>&nbsp;<\/td><td>&nbsp;<\/td><\/tr><tr><td>&nbsp;<\/td><td>&nbsp;<\/td><td>&nbsp;<\/td><td>&nbsp;<\/td><td>&nbsp;<\/td><\/tr><\/tbody><\/table><\/figure>\n\n\n<\/p>\n<p>\u00a0<\/p>\n<p>\u00a0<\/p>\n<p>\n\n<\/p>\n<h2>Erlangen-H\u00f6chstadt<\/h2>\n<p>\n\n<\/p>\n<p><strong>Kreisvorsitzender:<\/strong><\/p>\n<p>\n\n<\/p>\n<p>Willi Durnik, Erlangerstra\u00dfe 32, 91096 M\u00f6hrendorf, Tel. 09131\/440448,\u00a0<a href=\"mailto:Durnik-Willi@aol.com\">Durnik-Willi@aol.com<\/a><\/p>\n<p>\n\n<\/p>\n<p><strong>Kreisjugendleiter:<\/strong><\/p>\n<p>\n\n<\/p>\n<p>Aktuell kein Kreisjugendleiter, Betreuung durch Melanie Decker, 0157\/35360898,\u00a0<a href=\"mailto:melaniedecker983@gmail.com\">melaniedecker983@gmail.com<\/a><\/p>\n<p>\n\n<\/p>\n<p>\u00a0<\/p>\n<p>\u00a0<\/p>\n<p>\n\n\n<figure class=\"wp-block-flexible-table-block-table\"><table class=\"has-fixed-layout\"><tbody><tr><td>&nbsp;<\/td><td>&nbsp;<\/td><td>&nbsp;<\/td><td>&nbsp;<\/td><td>&nbsp;<\/td><\/tr><tr><td>&nbsp;<\/td><td>&nbsp;<\/td><td>&nbsp;<\/td><td>&nbsp;<\/td><td>&nbsp;<\/td><\/tr><tr><td>&nbsp;<\/td><td>&nbsp;<\/td><td>&nbsp;<\/td><td>&nbsp;<\/td><td>&nbsp;<\/td><\/tr><tr><td>&nbsp;<\/td><td>&nbsp;<\/td><td>&nbsp;<\/td><td>&nbsp;<\/td><td>&nbsp;<\/td><\/tr><tr><td>&nbsp;<\/td><td>&nbsp;<\/td><td>&nbsp;<\/td><td>&nbsp;<\/td><td>&nbsp;<\/td><\/tr><tr><td>&nbsp;<\/td><td>&nbsp;<\/td><td>&nbsp;<\/td><td>&nbsp;<\/td><td>&nbsp;<\/td><\/tr><tr><td>&nbsp;<\/td><td>&nbsp;<\/td><td>&nbsp;<\/td><td>&nbsp;<\/td><td>&nbsp;<\/td><\/tr><tr><td>&nbsp;<\/td><td>&nbsp;<\/td><td>&nbsp;<\/td><td>&nbsp;<\/td><td>&nbsp;<\/td><\/tr><tr><td>&nbsp;<\/td><td>&nbsp;<\/td><td>&nbsp;<\/td><td>&nbsp;<\/td><td>&nbsp;<\/td><\/tr><tr><td>&nbsp;<\/td><td>&nbsp;<\/td><td>&nbsp;<\/td><td>&nbsp;<\/td><td>&nbsp;<\/td><\/tr><\/tbody><\/table><\/figure>\n\n\n<\/p>\n<p>\u00a0<\/p>\n<p>\u00a0<\/p>\n<p>\n\n<\/p>\n<h2>F\u00fcrth e.V<\/h2>\n<p>\n\n<\/p>\n<p>\n\n<\/p>\n<p><strong>Kreisvorsitzender:<\/strong><\/p>\n<p>\n\n<\/p>\n<p>Thomas Schmidt, Herrnneuses 2, 91413 Neustadt an der Aisch, Tel. 017687957743,\u00a0<a href=\"mailto:nicikl577@gmail.com\">nicikl577@gmail.com<\/a><\/p>\n<p>\n\n<\/p>\n<p><strong>Ehrenvorsitzender:<\/strong><\/p>\n<p>\n\n<\/p>\n<p>Kurt Siegh\u00f6rtner, Birkenstr. 2, 90556 Cadolzburg, Tel. 09103\/8942,\u00a0<a href=\"mailto:kurt.sieghoertner@t-online.de\">kurt.sieghoertner@t-online.de<\/a><\/p>\n<p>\n\n<\/p>\n<p><strong>Kreiszuchtwart:<\/strong><\/p>\n<p>\n\n<\/p>\n<p>Rainer Sondershaus, Talblick 11, 90765 F\u00fcrth, Tel. 0911\/792457,\u00a0<a href=\"mailto:rainer.sondershaus@t-online.de\">rainer.sondershaus@t-online.de<\/a><\/p>\n<p>\n\n<\/p>\n<p><strong>Kreisjugendleiterin:<\/strong><\/p>\n<p>\n\n<\/p>\n<p>Melanie Decker, Soldnerstra\u00dfe 16, 90766 F\u00fcrth, Tel. 0157\/35360898,\u00a0<a href=\"mailto:melaniedecker983@gmail.com\">melaniedecker983@gmail.com<\/a><\/p>\n<p>\n\n<\/p>\n<p>\u00a0<\/p>\n<p>\u00a0<\/p>\n<p>\n\n\n<figure class=\"wp-block-flexible-table-block-table\"><table class=\"has-fixed-layout\"><tbody><tr><td>&nbsp;<\/td><td>&nbsp;<\/td><td>&nbsp;<\/td><td>&nbsp;<\/td><td>&nbsp;<\/td><\/tr><tr><td>&nbsp;<\/td><td>&nbsp;<\/td><td>&nbsp;<\/td><td>&nbsp;<\/td><td>&nbsp;<\/td><\/tr><tr><td>&nbsp;<\/td><td>&nbsp;<\/td><td>&nbsp;<\/td><td>&nbsp;<\/td><td>&nbsp;<\/td><\/tr><tr><td>&nbsp;<\/td><td>&nbsp;<\/td><td>&nbsp;<\/td><td>&nbsp;<\/td><td>&nbsp;<\/td><\/tr><tr><td>&nbsp;<\/td><td>&nbsp;<\/td><td>&nbsp;<\/td><td>&nbsp;<\/td><td>&nbsp;<\/td><\/tr><tr><td>&nbsp;<\/td><td>&nbsp;<\/td><td>&nbsp;<\/td><td>&nbsp;<\/td><td>&nbsp;<\/td><\/tr><tr><td>&nbsp;<\/td><td>&nbsp;<\/td><td>&nbsp;<\/td><td>&nbsp;<\/td><td>&nbsp;<\/td><\/tr><tr><td>&nbsp;<\/td><td>&nbsp;<\/td><td>&nbsp;<\/td><td>&nbsp;<\/td><td>&nbsp;<\/td><\/tr><tr><td>&nbsp;<\/td><td>&nbsp;<\/td><td>&nbsp;<\/td><td>&nbsp;<\/td><td>&nbsp;<\/td><\/tr><tr><td>&nbsp;<\/td><td>&nbsp;<\/td><td>&nbsp;<\/td><td>&nbsp;<\/td><td>&nbsp;<\/td><\/tr><tr><td>&nbsp;<\/td><td>&nbsp;<\/td><td>&nbsp;<\/td><td>&nbsp;<\/td><td>&nbsp;<\/td><\/tr><tr><td>&nbsp;<\/td><td>&nbsp;<\/td><td>&nbsp;<\/td><td>&nbsp;<\/td><td>&nbsp;<\/td><\/tr><tr><td>&nbsp;<\/td><td>&nbsp;<\/td><td>&nbsp;<\/td><td>&nbsp;<\/td><td>&nbsp;<\/td><\/tr><tr><td>&nbsp;<\/td><td>&nbsp;<\/td><td>&nbsp;<\/td><td>&nbsp;<\/td><td>&nbsp;<\/td><\/tr><\/tbody><\/table><\/figure>\n\n\n<\/p>\n<p>\u00a0<\/p>\n<p>\u00a0<\/p>\n<p>\n\n<\/p>\n<h2>Roth\/Stadt Schwabach e.V<\/h2>\n<p>\n\n<\/p>\n<p>\n\n<\/p>\n<p><strong>Kreisvorsitzender:<\/strong><\/p>\n<p>\n\n<\/p>\n<p>Manfred G\u00fcnther, Mainbachtal 10, 91126 Schwabach, Tel. 09122\/833028,\u00a0<a href=\"mailto:mfguenther@web.de\">mfguenther@web.de<\/a><\/p>\n<p>\n\n<\/p>\n<p><strong>Kreisjugendleiter:<\/strong><\/p>\n<p>\n\n<\/p>\n<p>Thomas Gaulke, Retzendorf 1, 91575 Windsbach, Tel.0170\/3154787<\/p>\n<p>\n\n<\/p>\n<p>\u00a0<\/p>\n<p>\u00a0<\/p>\n<p>\n\n\n<figure class=\"wp-block-flexible-table-block-table\"><table class=\"has-fixed-layout\"><tbody><tr><td>&nbsp;<\/td><td>&nbsp;<\/td><td>&nbsp;<\/td><td>&nbsp;<\/td><td>&nbsp;<\/td><\/tr><tr><td>&nbsp;<\/td><td>&nbsp;<\/td><td>&nbsp;<\/td><td>&nbsp;<\/td><td>&nbsp;<\/td><\/tr><tr><td>&nbsp;<\/td><td>&nbsp;<\/td><td>&nbsp;<\/td><td>&nbsp;<\/td><td>&nbsp;<\/td><\/tr><tr><td>&nbsp;<\/td><td>&nbsp;<\/td><td>&nbsp;<\/td><td>&nbsp;<\/td><td>&nbsp;<\/td><\/tr><tr><td>&nbsp;<\/td><td>&nbsp;<\/td><td>&nbsp;<\/td><td>&nbsp;<\/td><td>&nbsp;<\/td><\/tr><tr><td>&nbsp;<\/td><td>&nbsp;<\/td><td>&nbsp;<\/td><td>&nbsp;<\/td><td>&nbsp;<\/td><\/tr><tr><td>&nbsp;<\/td><td>&nbsp;<\/td><td>&nbsp;<\/td><td>&nbsp;<\/td><td>&nbsp;<\/td><\/tr><tr><td>&nbsp;<\/td><td>&nbsp;<\/td><td>&nbsp;<\/td><td>&nbsp;<\/td><td>&nbsp;<\/td><\/tr><tr><td>&nbsp;<\/td><td>&nbsp;<\/td><td>&nbsp;<\/td><td>&nbsp;<\/td><td>&nbsp;<\/td><\/tr><tr><td>&nbsp;<\/td><td>&nbsp;<\/td><td>&nbsp;<\/td><td>&nbsp;<\/td><td>&nbsp;<\/td><\/tr><\/tbody><\/table><\/figure>\n\n\n<\/p>\n<p>\u00a0<\/p>\n<p>\u00a0<\/p>\n<p>\n\n<\/p>\n<h2>Wei\u00dfenburg\/Bayern<\/h2>\n<p>\n\n<\/p>\n<p>\n\n<\/p>\n<p><strong>Kreisvorsitzender:<\/strong><\/p>\n<p>\n\n<\/p>\n<p>Friedrich Rottler, Kellergasse 16, 91790 Nennslingen, Tel. 09147\/946938,\u00a0<a href=\"mailto:fritz.rottler18@gmail.com\">fritz.rottler18@gmail.com<\/a><\/p>\n<p>\n\n<\/p>\n<p><strong>Ehrenvorsitzender:<\/strong><\/p>\n<p>\n\n<\/p>\n<p><strong>Kreiszuchtwart:<\/strong><\/p>\n<p>\n\n<\/p>\n<p>Seifert Thomas, Eckerleinstr. 7, 91790 Raitenbuch, Tel. 09147\/945569,\u00a0<a href=\"mailto:r.seifert78@gmx.de\">r.seifert78@gmx.de<\/a><\/p>\n<p>\n\n<\/p>\n<p><strong>Kreisvorsitzende der Frauengruppen:<\/strong><\/p>\n<p>\n\n<\/p>\n<p>Posten z. Z. nicht besetzt<\/p>\n<p>\n\n<\/p>\n<p><strong>Kreisjugendleiter:<\/strong><\/p>\n<p>\n\n<\/p>\n<p>Spiller Rudi , Wengener Str. 10, 91790 Nennslingen, Tel. 09147\/1548<\/p>\n<p>\n\n<\/p>\n<p>\u00a0<\/p>\n<p>\u00a0<\/p>\n<p>\n\n\n<figure class=\"wp-block-flexible-table-block-table\"><table class=\"has-fixed-layout\"><tbody><tr><td>&nbsp;<\/td><td>&nbsp;<\/td><td>&nbsp;<\/td><td>&nbsp;<\/td><td>&nbsp;<\/td><\/tr><tr><td>&nbsp;<\/td><td>&nbsp;<\/td><td>&nbsp;<\/td><td>&nbsp;<\/td><td>&nbsp;<\/td><\/tr><tr><td>&nbsp;<\/td><td>&nbsp;<\/td><td>&nbsp;<\/td><td>&nbsp;<\/td><td>&nbsp;<\/td><\/tr><tr><td>&nbsp;<\/td><td>&nbsp;<\/td><td>&nbsp;<\/td><td>&nbsp;<\/td><td>&nbsp;<\/td><\/tr><tr><td>&nbsp;<\/td><td>&nbsp;<\/td><td>&nbsp;<\/td><td>&nbsp;<\/td><td>&nbsp;<\/td><\/tr><tr><td>&nbsp;<\/td><td>&nbsp;<\/td><td>&nbsp;<\/td><td>&nbsp;<\/td><td>&nbsp;<\/td><\/tr><tr><td>&nbsp;<\/td><td>&nbsp;<\/td><td>&nbsp;<\/td><td>&nbsp;<\/td><td>&nbsp;<\/td><\/tr><tr><td>&nbsp;<\/td><td>&nbsp;<\/td><td>&nbsp;<\/td><td>&nbsp;<\/td><td>&nbsp;<\/td><\/tr><tr><td>&nbsp;<\/td><td>&nbsp;<\/td><td>&nbsp;<\/td><td>&nbsp;<\/td><td>&nbsp;<\/td><\/tr><tr><td>&nbsp;<\/td><td>&nbsp;<\/td><td>&nbsp;<\/td><td>&nbsp;<\/td><td>&nbsp;<\/td><\/tr><\/tbody><\/table><\/figure>\n\n\n<\/p>\n<p>\u00a0<\/p>\n<p>\u00a0<\/p>\n<p>\n\n<\/p>\n<h2>Ansbach<\/h2>\n<p>\n\n<\/p>\n<p>\n\n<\/p>\n<p><strong>Kreisvorsitzender:<\/strong><\/p>\n<p>\n\n<\/p>\n<p>Klaus Nusselt, Limbach 13a, 91567 Herrieden, Tel. 09825\/925760 Fax. 09825\/203616,\u00a0<a href=\"mailto:Knusselt@gmx.de\">Knusselt@gmx.de<\/a><\/p>\n<p>\n\n<\/p>\n<p><strong>Ehrenvorsitzender:<\/strong><\/p>\n<p>\n\n<\/p>\n<p>Ludwig Schr\u00f6der, Max-Perthy-Stra\u00dfe 18, 91737 Ornbau, Tel. 09826\/9773<\/p>\n<p>\n\n<\/p>\n<p><strong>Kreiszuchtwart:<\/strong><\/p>\n<p>\n\n<\/p>\n<p>Martin Fischer, Neugasse 9, 91625 Wildenholz, Tel. 07950\/303<\/p>\n<p>\n\n<\/p>\n<p><strong>Kreisjugendleiter:<\/strong><\/p>\n<p>\n\n<\/p>\n<p>G\u00fcner Gro\u00dfberger, Kellerbergstra\u00dfe 8b, 91575 Windsbach, Tel. 09871-61920<\/p>\n<p>\n\n<\/p>\n<p>\u00a0<\/p>\n<p>\u00a0<\/p>\n<p>\n\n\n<figure class=\"wp-block-flexible-table-block-table\"><table class=\"has-fixed-layout\"><tbody><tr><td>&nbsp;<\/td><td>&nbsp;<\/td><td>&nbsp;<\/td><td>&nbsp;<\/td><td>&nbsp;<\/td><\/tr><tr><td>&nbsp;<\/td><td>&nbsp;<\/td><td>&nbsp;<\/td><td>&nbsp;<\/td><td>&nbsp;<\/td><\/tr><tr><td>&nbsp;<\/td><td>&nbsp;<\/td><td>&nbsp;<\/td><td>&nbsp;<\/td><td>&nbsp;<\/td><\/tr><tr><td>&nbsp;<\/td><td>&nbsp;<\/td><td>&nbsp;<\/td><td>&nbsp;<\/td><td>&nbsp;<\/td><\/tr><tr><td>&nbsp;<\/td><td>&nbsp;<\/td><td>&nbsp;<\/td><td>&nbsp;<\/td><td>&nbsp;<\/td><\/tr><tr><td>&nbsp;<\/td><td>&nbsp;<\/td><td>&nbsp;<\/td><td>&nbsp;<\/td><td>&nbsp;<\/td><\/tr><tr><td>&nbsp;<\/td><td>&nbsp;<\/td><td>&nbsp;<\/td><td>&nbsp;<\/td><td>&nbsp;<\/td><\/tr><tr><td>&nbsp;<\/td><td>&nbsp;<\/td><td>&nbsp;<\/td><td>&nbsp;<\/td><td>&nbsp;<\/td><\/tr><tr><td>&nbsp;<\/td><td>&nbsp;<\/td><td>&nbsp;<\/td><td>&nbsp;<\/td><td>&nbsp;<\/td><\/tr><tr><td>&nbsp;<\/td><td>&nbsp;<\/td><td>&nbsp;<\/td><td>&nbsp;<\/td><td>&nbsp;<\/td><\/tr><tr><td>&nbsp;<\/td><td>&nbsp;<\/td><td>&nbsp;<\/td><td>&nbsp;<\/td><td>&nbsp;<\/td><\/tr><tr><td>&nbsp;<\/td><td>&nbsp;<\/td><td>&nbsp;<\/td><td>&nbsp;<\/td><td>&nbsp;<\/td><\/tr><\/tbody><\/table><\/figure>\n\n\n<\/p>\n<p>\u00a0<\/p>\n<p>\u00a0<\/p>\n<p>\n\n<\/p>\n<h2>Neustadt\/Aisch<\/h2>\n<p>\n\n<\/p>\n<p>\n\n<\/p>\n<p><strong>Kreisvorsitzender:<\/strong><\/p>\n<p>\n\n<\/p>\n<p>Stefan Einbeck, Gostenhof 31, 91448 Emskirchen, Tel. 091042754,\u00a0<a href=\"mailto:a1kappo@t-online.de\">a1kappo@t-online.de<\/a><\/p>\n<p>\n\n<\/p>\n<p><strong>2. Kreisvorsitzender:<\/strong><\/p>\n<p>\n\n<\/p>\n<p>Heinrich Simon, Siebenb\u00fcrger Str. 8, 91443 Scheinfeld, Tel. 09162\/7262,\u00a0<a href=\"mailto:heinriechsimon@web.de\">heinriechsimon@web.de<\/a><\/p>\n<p>\n\n<\/p>\n<p><strong>Kreiszuchtwart:<\/strong><\/p>\n<p>\n\n<\/p>\n<p>Thomas Sch\u00fcler, Schornweisch 106, 91486 Uehlfeld<\/p>\n<p>\n\n<\/p>\n<p><strong>Kreisvorsitzende der Frauengruppen:<\/strong><\/p>\n<p>\n\n<\/p>\n<p>Monika Trabert, Krautostheim 77, 91484 Sugenheim, Tel. 0160\/2359296 ,\u00a0<a href=\"mailto:trabertschmidt@hotmail.de\">trabertschmidt@hotmail.de<\/a><\/p>\n<p>\n\n<\/p>\n<p><strong>Kreisjugendleiterin:<\/strong><\/p>\n<p>\n\n<\/p>\n<p>Monika Trabert, Krautostheim 77, 91484 Sugenheim, Tel. 0160\/2359296 ,\u00a0<a href=\"mailto:trabertschmidt@hotmail.de\">trabertschmidt@hotmail.de<\/a><\/p>\n<p>\n\n<\/p>\n<p>\u00a0<\/p>\n<p>\u00a0<\/p>\n<p>\n\n\n<figure class=\"wp-block-flexible-table-block-table\"><table class=\"has-fixed-layout\"><tbody><tr><td>&nbsp;<\/td><td>&nbsp;<\/td><td>&nbsp;<\/td><td>&nbsp;<\/td><td>&nbsp;<\/td><\/tr><tr><td>&nbsp;<\/td><td>&nbsp;<\/td><td>&nbsp;<\/td><td>&nbsp;<\/td><td>&nbsp;<\/td><\/tr><tr><td>&nbsp;<\/td><td>&nbsp;<\/td><td>&nbsp;<\/td><td>&nbsp;<\/td><td>&nbsp;<\/td><\/tr><tr><td>&nbsp;<\/td><td>&nbsp;<\/td><td>&nbsp;<\/td><td>&nbsp;<\/td><td>&nbsp;<\/td><\/tr><tr><td>&nbsp;<\/td><td>&nbsp;<\/td><td>&nbsp;<\/td><td>&nbsp;<\/td><td>&nbsp;<\/td><\/tr><tr><td>&nbsp;<\/td><td>&nbsp;<\/td><td>&nbsp;<\/td><td>&nbsp;<\/td><td>&nbsp;<\/td><\/tr><tr><td>&nbsp;<\/td><td>&nbsp;<\/td><td>&nbsp;<\/td><td>&nbsp;<\/td><td>&nbsp;<\/td><\/tr><\/tbody><\/table><\/figure>\n\n\n<\/p>","protected":false},"excerpt":{"rendered":"<p>\u00a0 N\u00fcrnberg Stadt e.V Kreisvorsitzende: Petra Christof, Zur Hohen Weide 3, 90427 N\u00fcrnberg, Tel. 01711467793,\u00a0petra.christof@live.deHorst R\u00f6gner, Kruppacherstr.5a, 91238 Engelthal, Tel. 09158\/928543,\u00a0h.u.d.roegner@t-online.de Kreisvorsitzende der Frauengruppen: zur Zeit nicht besetzt Kreisjugendleiter: Aktuell kein Kreisjugendleiter vorhanden, R\u00fcckfragen an KV Vorstand richten \u00a0 \u00a0<\/p>\n","protected":false},"author":2,"featured_media":0,"parent":0,"menu_order":0,"comment_status":"closed","ping_status":"closed","template":"","meta":{"footnotes":""},"class_list":["post-766","page","type-page","status-publish","hentry"],"_links":{"self":[{"href":"https:\/\/demo.vbrk.de\/index.php?rest_route=\/wp\/v2\/pages\/766","targetHints":{"allow":["GET"]}}],"collection":[{"href":"https:\/\/demo.vbrk.de\/index.php?rest_route=\/wp\/v2\/pages"}],"about":[{"href":"https:\/\/demo.vbrk.de\/index.php?rest_route=\/wp\/v2\/types\/page"}],"author":[{"embeddable":true,"href":"https:\/\/demo.vbrk.de\/index.php?rest_route=\/wp\/v2\/users\/2"}],"replies":[{"embeddable":true,"href":"https:\/\/demo.vbrk.de\/index.php?rest_route=%2Fwp%2Fv2%2Fcomments&post=766"}],"version-history":[{"count":14,"href":"https:\/\/demo.vbrk.de\/index.php?rest_route=\/wp\/v2\/pages\/766\/revisions"}],"predecessor-version":[{"id":851,"href":"https:\/\/demo.vbrk.de\/index.php?rest_route=\/wp\/v2\/pages\/766\/revisions\/851"}],"wp:attachment":[{"href":"https:\/\/demo.vbrk.de\/index.php?rest_route=%2Fwp%2Fv2%2Fmedia&parent=766"}],"curies":[{"name":"wp","href":"https:\/\/api.w.org\/{rel}","templated":true}]}}