{"id":763,"date":"2025-09-02T11:30:19","date_gmt":"2025-09-02T09:30:19","guid":{"rendered":"https:\/\/demo.vbrk.de\/?page_id=763"},"modified":"2025-09-04T12:56:32","modified_gmt":"2025-09-04T10:56:32","slug":"kreisververeine-oberbayern","status":"publish","type":"page","link":"https:\/\/demo.vbrk.de\/?page_id=763","title":{"rendered":"Kreisververeine Oberbayern"},"content":{"rendered":"<h2>\u00a0<\/h2>\n<h2>Kreisverein oberbayerischer<br \/>Rassekaninchenz\u00fcchter M\u00fcnchen e.V.<\/h2>\n\n<p><p>&nbsp;<\/p>\n<p><strong>Kreisvorsitzender:<\/strong><\/p><\/p>\n\n\n<p>Burkhard Gerdes, Herbert- Schober Str.7, 80997 M\u00fcnchen,&nbsp;Tel. 0162 2458506,&nbsp;<a href=\"mailto:Burkhard-Gerdes@t-online.de\">Burkhard-Gerdes@t-online.de<\/a><\/p>\n\n\n\n<p><strong>Kreisjugendleiter:<\/strong><\/p>\n\n\n\n<p>nicht besetzt<\/p>\n\n\n\n<p><strong>Kreiszuchtwart:<\/strong><\/p>\n\n\n\n<p>Klaus Dieter Samietz, Truderinger Str. 140c, 81825 M\u00fcnchen, Tel. 0176 45786357,&nbsp;<a href=\"mailto:kdsamietz@web.de\">kdsamietz@web.de<\/a><\/p>\n\n\n<p><p>&nbsp;<\/p>\n<p>&nbsp;<\/p><\/p>\n\n\n<figure class=\"wp-block-flexible-table-block-table\"><table class=\"has-fixed-layout\"><tbody><tr><td>&nbsp;<\/td><td>&nbsp;<\/td><td>&nbsp;<\/td><td>&nbsp;<\/td><td>&nbsp;<\/td><\/tr><tr><td>&nbsp;<\/td><td>&nbsp;<\/td><td>&nbsp;<\/td><td>&nbsp;<\/td><td>&nbsp;<\/td><\/tr><tr><td>&nbsp;<\/td><td>&nbsp;<\/td><td>&nbsp;<\/td><td>&nbsp;<\/td><td>&nbsp;<\/td><\/tr><tr><td>&nbsp;<\/td><td>&nbsp;<\/td><td>&nbsp;<\/td><td>&nbsp;<\/td><td>&nbsp;<\/td><\/tr><tr><td>&nbsp;<\/td><td>&nbsp;<\/td><td>&nbsp;<\/td><td>&nbsp;<\/td><td>&nbsp;<\/td><\/tr><tr><td>&nbsp;<\/td><td>&nbsp;<\/td><td>&nbsp;<\/td><td>&nbsp;<\/td><td>&nbsp;<\/td><\/tr><tr><td>&nbsp;<\/td><td>&nbsp;<\/td><td>&nbsp;<\/td><td>&nbsp;<\/td><td>&nbsp;<\/td><\/tr><tr><td>&nbsp;<\/td><td>&nbsp;<\/td><td>&nbsp;<\/td><td>&nbsp;<\/td><td>&nbsp;<\/td><\/tr><tr><td>&nbsp;<\/td><td>&nbsp;<\/td><td>&nbsp;<\/td><td>&nbsp;<\/td><td>&nbsp;<\/td><\/tr><tr><td>&nbsp;<\/td><td>&nbsp;<\/td><td>&nbsp;<\/td><td>&nbsp;<\/td><td>&nbsp;<\/td><\/tr><tr><td>&nbsp;<\/td><td>&nbsp;<\/td><td>&nbsp;<\/td><td>&nbsp;<\/td><td>&nbsp;<\/td><\/tr><tr><td>&nbsp;<\/td><td>&nbsp;<\/td><td>&nbsp;<\/td><td>&nbsp;<\/td><td>&nbsp;<\/td><\/tr><tr><td>&nbsp;<\/td><td>&nbsp;<\/td><td>&nbsp;<\/td><td>&nbsp;<\/td><td>&nbsp;<\/td><\/tr><tr><td>&nbsp;<\/td><td>&nbsp;<\/td><td>&nbsp;<\/td><td>&nbsp;<\/td><td>&nbsp;<\/td><\/tr><tr><td>&nbsp;<\/td><td>&nbsp;<\/td><td>&nbsp;<\/td><td>&nbsp;<\/td><td>&nbsp;<\/td><\/tr><tr><td>&nbsp;<\/td><td>&nbsp;<\/td><td>&nbsp;<\/td><td>&nbsp;<\/td><td>&nbsp;<\/td><\/tr><\/tbody><\/table><\/figure>\n\n\n<p><p>&nbsp;<\/p>\n<p>&nbsp;<\/p><\/p>\n\n\n<h2 class=\"wp-block-heading\">M\u00fchldorf<\/h2>\n\n\n\n<p>&nbsp;<\/p>\n\n\n\n<p><strong>Kreisvorsitzender:<\/strong><\/p>\n\n\n\n<p>Willibald Breu, Hans-Murauer-Str. 1, 84359 Simbach am Inn, Tel. 0 162 2413668,&nbsp;<a href=\"https:\/\/www.kaninchen-bayern.de\/_html\/bezirke\/kreise\/willi.breu@web.de\">willi.breu@web.de<\/a><\/p>\n\n\n\n<p><strong>Kreiszuchtwart:<\/strong><\/p>\n\n\n\n<p>Franz Sammer, Burgkirchen, Tel. 0151 17821549<\/p>\n\n\n\n<p><strong>Kreisjugendleiter:<\/strong><\/p>\n\n\n\n<p>zur Zeit nicht besetzt<\/p>\n\n\n<p><p>&nbsp;<\/p>\n<p>&nbsp;<\/p><\/p>\n\n\n<figure class=\"wp-block-flexible-table-block-table\"><table class=\"has-fixed-layout\"><tbody><tr><td>&nbsp;<\/td><td>&nbsp;<\/td><td>&nbsp;<\/td><td>&nbsp;<\/td><td>&nbsp;<\/td><\/tr><tr><td>&nbsp;<\/td><td>&nbsp;<\/td><td>&nbsp;<\/td><td>&nbsp;<\/td><td>&nbsp;<\/td><\/tr><tr><td>&nbsp;<\/td><td>&nbsp;<\/td><td>&nbsp;<\/td><td>&nbsp;<\/td><td>&nbsp;<\/td><\/tr><tr><td>&nbsp;<\/td><td>&nbsp;<\/td><td>&nbsp;<\/td><td>&nbsp;<\/td><td>&nbsp;<\/td><\/tr><tr><td>&nbsp;<\/td><td>&nbsp;<\/td><td>&nbsp;<\/td><td>&nbsp;<\/td><td>&nbsp;<\/td><\/tr><tr><td>&nbsp;<\/td><td>&nbsp;<\/td><td>&nbsp;<\/td><td>&nbsp;<\/td><td>&nbsp;<\/td><\/tr><tr><td>&nbsp;<\/td><td>&nbsp;<\/td><td>&nbsp;<\/td><td>&nbsp;<\/td><td>&nbsp;<\/td><\/tr><\/tbody><\/table><\/figure>\n\n\n<p><p>&nbsp;<\/p>\n<p>&nbsp;<\/p><\/p>\n\n\n<h2 class=\"wp-block-heading\">Traunstein<\/h2>\n\n\n\n<p>&nbsp;<\/p>\n\n\n\n<p><strong>Kreisvorsitzender:<\/strong><\/p>\n\n\n\n<p>Franz Schweiger, Bergstra\u00dfe 54, 83313 Eisen\u00e4rtz, Tel. 08662\/7775<\/p>\n\n\n\n<p><strong>Kreiszuchtwart:<\/strong><\/p>\n\n\n\n<p>Johannes Stampfl, Wallmoning 2, 84529 Tittmoning, Tel. 08683\/477<\/p>\n\n\n\n<p><strong>Kreisjugendleiter:<\/strong><\/p>\n\n\n\n<p>Andreas Sch\u00f6fecker, Raiffeisenstra\u00dfe 14, 83416 Saaldorf, Tel. 0175\/8114432<\/p>\n\n\n<p><p>&nbsp;<\/p>\n<p>&nbsp;<\/p><\/p>\n\n\n<figure class=\"wp-block-flexible-table-block-table\"><table class=\"has-fixed-layout\"><tbody><tr><td>&nbsp;<\/td><td>&nbsp;<\/td><td>&nbsp;<\/td><td>&nbsp;<\/td><td>&nbsp;<\/td><\/tr><tr><td>&nbsp;<\/td><td>&nbsp;<\/td><td>&nbsp;<\/td><td>&nbsp;<\/td><td>&nbsp;<\/td><\/tr><tr><td>&nbsp;<\/td><td>&nbsp;<\/td><td>&nbsp;<\/td><td>&nbsp;<\/td><td>&nbsp;<\/td><\/tr><tr><td>&nbsp;<\/td><td>&nbsp;<\/td><td>&nbsp;<\/td><td>&nbsp;<\/td><td>&nbsp;<\/td><\/tr><tr><td>&nbsp;<\/td><td>&nbsp;<\/td><td>&nbsp;<\/td><td>&nbsp;<\/td><td>&nbsp;<\/td><\/tr><tr><td>&nbsp;<\/td><td>&nbsp;<\/td><td>&nbsp;<\/td><td>&nbsp;<\/td><td>&nbsp;<\/td><\/tr><tr><td>&nbsp;<\/td><td>&nbsp;<\/td><td>&nbsp;<\/td><td>&nbsp;<\/td><td>&nbsp;<\/td><\/tr><tr><td>&nbsp;<\/td><td>&nbsp;<\/td><td>&nbsp;<\/td><td>&nbsp;<\/td><td>&nbsp;<\/td><\/tr><\/tbody><\/table><\/figure>\n\n\n<p><p>&nbsp;<\/p>\n<p>&nbsp;<\/p><\/p>\n\n\n<h2 class=\"wp-block-heading\">Rosenheim<\/h2>\n\n\n\n<p>&nbsp;<\/p>\n\n\n\n<p><strong>Kreisvorsitzender:<\/strong><\/p>\n\n\n\n<p>Horst Kremsreiter, Hauptstra\u00dfe 22, 83666 Waakirchen, Tel. 08021\/901044, 0175\/2710722,&nbsp;<a href=\"mailto:kv-ro-kaninchen@web.de\">kv-ro-kaninchen@web.de<\/a><\/p>\n\n\n\n<p><strong>2. Kreisvorsitzender:<\/strong><\/p>\n\n\n\n<p>Erwin Wagner, 83714 Miesbach<\/p>\n\n\n\n<p><strong>Kreiszuchtwart:<\/strong><\/p>\n\n\n\n<p>Franz Rutz, Unterwertach 2, 83620 Feldkirchen-Westerham , Tel. 01732850286<\/p>\n\n\n\n<p><strong>Kreisvorsitzende der Frauengruppen:<\/strong><\/p>\n\n\n\n<p>zur Zeit nicht besetzt<\/p>\n\n\n\n<p><strong>Kreisjugendleiter:<\/strong><\/p>\n\n\n\n<p>zur Zeit nicht besetzt<\/p>\n\n\n<p><p>&nbsp;<\/p>\n<p>&nbsp;<\/p><\/p>\n\n\n<figure class=\"wp-block-flexible-table-block-table\"><table class=\"has-fixed-layout\"><tbody><tr><td>&nbsp;<\/td><td>&nbsp;<\/td><td>&nbsp;<\/td><td>&nbsp;<\/td><td>&nbsp;<\/td><\/tr><tr><td>&nbsp;<\/td><td>&nbsp;<\/td><td>&nbsp;<\/td><td>&nbsp;<\/td><td>&nbsp;<\/td><\/tr><tr><td>&nbsp;<\/td><td>&nbsp;<\/td><td>&nbsp;<\/td><td>&nbsp;<\/td><td>&nbsp;<\/td><\/tr><tr><td>&nbsp;<\/td><td>&nbsp;<\/td><td>&nbsp;<\/td><td>&nbsp;<\/td><td>&nbsp;<\/td><\/tr><tr><td>&nbsp;<\/td><td>&nbsp;<\/td><td>&nbsp;<\/td><td>&nbsp;<\/td><td>&nbsp;<\/td><\/tr><tr><td>&nbsp;<\/td><td>&nbsp;<\/td><td>&nbsp;<\/td><td>&nbsp;<\/td><td>&nbsp;<\/td><\/tr><tr><td>&nbsp;<\/td><td>&nbsp;<\/td><td>&nbsp;<\/td><td>&nbsp;<\/td><td>&nbsp;<\/td><\/tr><tr><td>&nbsp;<\/td><td>&nbsp;<\/td><td>&nbsp;<\/td><td>&nbsp;<\/td><td>&nbsp;<\/td><\/tr><tr><td>&nbsp;<\/td><td>&nbsp;<\/td><td>&nbsp;<\/td><td>&nbsp;<\/td><td>&nbsp;<\/td><\/tr><\/tbody><\/table><\/figure>\n\n\n<p><p>&nbsp;<\/p>\n<p>&nbsp;<\/p><\/p>\n\n\n<h2 class=\"wp-block-heading\">Weilheim<\/h2>\n\n\n\n<p>&nbsp;<\/p>\n\n\n\n<p><strong>Kreisvorsitzender:<\/strong><\/p>\n\n\n\n<p>Michael Kraus, Bschorrwald 13, 82383 Hohenpei\u00dfenberg, Tel. 01716120594&nbsp;<a href=\"mailto:michael.kraus1994@t-online.de\">michael.kraus1994@t-online.de<\/a><\/p>\n\n\n\n<p><strong>2. Kreisvorsitzender:<\/strong><\/p>\n\n\n\n<p>Matthias Hanke, Osterbichlstra\u00dfe 6, 86989 Steingaden, Tel. 015236388061<\/p>\n\n\n\n<p><strong>Kreiszuchtwart:<\/strong><\/p>\n\n\n\n<p>Kurt Renz, Im Dittenried 21, 82377 Penzberg, Tel. 01606210029<\/p>\n\n\n\n<p><strong>Kreisjugendleiter:<\/strong><\/p>\n\n\n\n<p>Albert Schmid, S\u00e4ulingstra\u00dfe 18, 86971 Peiting, Tel. 08861\/68342<\/p>\n\n\n<p><p>&nbsp;<\/p>\n<p>&nbsp;<\/p><\/p>\n\n\n<figure class=\"wp-block-flexible-table-block-table\"><table class=\"has-fixed-layout\"><tbody><tr><td>&nbsp;<\/td><td>&nbsp;<\/td><td>&nbsp;<\/td><td>&nbsp;<\/td><td>&nbsp;<\/td><\/tr><tr><td>&nbsp;<\/td><td>&nbsp;<\/td><td>&nbsp;<\/td><td>&nbsp;<\/td><td>&nbsp;<\/td><\/tr><tr><td>&nbsp;<\/td><td>&nbsp;<\/td><td>&nbsp;<\/td><td>&nbsp;<\/td><td>&nbsp;<\/td><\/tr><tr><td>&nbsp;<\/td><td>&nbsp;<\/td><td>&nbsp;<\/td><td>&nbsp;<\/td><td>&nbsp;<\/td><\/tr><tr><td>&nbsp;<\/td><td>&nbsp;<\/td><td>&nbsp;<\/td><td>&nbsp;<\/td><td>&nbsp;<\/td><\/tr><tr><td>&nbsp;<\/td><td>&nbsp;<\/td><td>&nbsp;<\/td><td>&nbsp;<\/td><td>&nbsp;<\/td><\/tr><tr><td>&nbsp;<\/td><td>&nbsp;<\/td><td>&nbsp;<\/td><td>&nbsp;<\/td><td>&nbsp;<\/td><\/tr><\/tbody><\/table><\/figure>\n\n\n<p><p>&nbsp;<\/p>\n<p>&nbsp;<\/p><\/p>\n\n\n<h2 class=\"wp-block-heading\">Ingoldstadt<\/h2>\n\n\n\n<p>&nbsp;<\/p>\n\n\n\n<p><strong>Kreisvorsitzender:<\/strong><\/p>\n\n\n\n<p>Hermann Maier, Rohr 61, 85296 Rohrbach, Tel. 08446\/211,&nbsp;<a href=\"mailto:h.maier46@w\">h.maier46@web.de<\/a><\/p>\n\n\n\n<p><strong>Kreiszuchtwart:<\/strong><\/p>\n\n\n\n<p>Alfred Lang, Fischergasse 11\/2, 85077 Manching, Tel.08459\/1295&nbsp;&nbsp;&nbsp;&nbsp; &nbsp;&nbsp; &nbsp;<\/p>\n\n\n\n<p><strong>Kreisjugendleiter:<\/strong><\/p>\n\n\n\n<p>Dieter Schulz, Kleinstra\u00dfe 6, 85123 Karlskron, Tel. 08450\/7561<\/p>\n\n\n<p><p>&nbsp;<\/p>\n<p>&nbsp;<\/p><\/p>\n\n\n<figure class=\"wp-block-flexible-table-block-table\"><table class=\"has-fixed-layout\"><tbody><tr><td>&nbsp;<\/td><td>&nbsp;<\/td><td>&nbsp;<\/td><td>&nbsp;<\/td><td>&nbsp;<\/td><\/tr><tr><td>&nbsp;<\/td><td>&nbsp;<\/td><td>&nbsp;<\/td><td>&nbsp;<\/td><td>&nbsp;<\/td><\/tr><tr><td>&nbsp;<\/td><td>&nbsp;<\/td><td>&nbsp;<\/td><td>&nbsp;<\/td><td>&nbsp;<\/td><\/tr><tr><td>&nbsp;<\/td><td>&nbsp;<\/td><td>&nbsp;<\/td><td>&nbsp;<\/td><td>&nbsp;<\/td><\/tr><tr><td>&nbsp;<\/td><td>&nbsp;<\/td><td>&nbsp;<\/td><td>&nbsp;<\/td><td>&nbsp;<\/td><\/tr><tr><td>&nbsp;<\/td><td>&nbsp;<\/td><td>&nbsp;<\/td><td>&nbsp;<\/td><td>&nbsp;<\/td><\/tr><tr><td>&nbsp;<\/td><td>&nbsp;<\/td><td>&nbsp;<\/td><td>&nbsp;<\/td><td>&nbsp;<\/td><\/tr><tr><td>&nbsp;<\/td><td>&nbsp;<\/td><td>&nbsp;<\/td><td>&nbsp;<\/td><td>&nbsp;<\/td><\/tr><tr><td>&nbsp;<\/td><td>&nbsp;<\/td><td>&nbsp;<\/td><td>&nbsp;<\/td><td>&nbsp;<\/td><\/tr><tr><td>&nbsp;<\/td><td>&nbsp;<\/td><td>&nbsp;<\/td><td>&nbsp;<\/td><td>&nbsp;<\/td><\/tr><\/tbody><\/table><\/figure>\n\n\n\n<p>&nbsp;<\/p>\n","protected":false},"excerpt":{"rendered":"<p>\u00a0 Kreisverein oberbayerischerRassekaninchenz\u00fcchter M\u00fcnchen e.V. &nbsp; Kreisvorsitzender: Burkhard Gerdes, Herbert- Schober Str.7, 80997 M\u00fcnchen,&nbsp;Tel. 0162 2458506,&nbsp;Burkhard-Gerdes@t-online.de Kreisjugendleiter: nicht besetzt Kreiszuchtwart: Klaus Dieter Samietz, Truderinger Str. 140c, 81825 M\u00fcnchen, Tel. 0176 45786357,&nbsp;kdsamietz@web.de &nbsp; &nbsp; &nbsp; &nbsp; M\u00fchldorf &nbsp; Kreisvorsitzender: Willibald Breu,<\/p>\n","protected":false},"author":2,"featured_media":0,"parent":0,"menu_order":0,"comment_status":"closed","ping_status":"closed","template":"","meta":{"footnotes":""},"class_list":["post-763","page","type-page","status-publish","hentry"],"_links":{"self":[{"href":"https:\/\/demo.vbrk.de\/index.php?rest_route=\/wp\/v2\/pages\/763","targetHints":{"allow":["GET"]}}],"collection":[{"href":"https:\/\/demo.vbrk.de\/index.php?rest_route=\/wp\/v2\/pages"}],"about":[{"href":"https:\/\/demo.vbrk.de\/index.php?rest_route=\/wp\/v2\/types\/page"}],"author":[{"embeddable":true,"href":"https:\/\/demo.vbrk.de\/index.php?rest_route=\/wp\/v2\/users\/2"}],"replies":[{"embeddable":true,"href":"https:\/\/demo.vbrk.de\/index.php?rest_route=%2Fwp%2Fv2%2Fcomments&post=763"}],"version-history":[{"count":7,"href":"https:\/\/demo.vbrk.de\/index.php?rest_route=\/wp\/v2\/pages\/763\/revisions"}],"predecessor-version":[{"id":871,"href":"https:\/\/demo.vbrk.de\/index.php?rest_route=\/wp\/v2\/pages\/763\/revisions\/871"}],"wp:attachment":[{"href":"https:\/\/demo.vbrk.de\/index.php?rest_route=%2Fwp%2Fv2%2Fmedia&parent=763"}],"curies":[{"name":"wp","href":"https:\/\/api.w.org\/{rel}","templated":true}]}}