{"id":442,"date":"2025-01-22T09:38:07","date_gmt":"2025-01-22T08:38:07","guid":{"rendered":"https:\/\/demo.vbrk.de\/?page_id=442"},"modified":"2025-01-28T13:05:13","modified_gmt":"2025-01-28T12:05:13","slug":"links","status":"publish","type":"page","link":"https:\/\/demo.vbrk.de\/?page_id=442","title":{"rendered":"Links"},"content":{"rendered":"\n<figure class=\"wp-block-table\"><table class=\"has-fixed-layout\"><tbody><tr><td><br>LV der Rassekaninchenz\u00fcchter<br>W\u00fcrttemberg und Hohenzollern e.V.<\/td><td colspan=\"2\"><a href=\"http:\/\/www.rassekaninchen-wuerttemberg.de\/\" target=\"_blank\" rel=\"noreferrer noopener\"><\/a><a href=\"http:\/\/www.rassekaninchen-wuerttemberg.de\/\" target=\"_blank\" rel=\"noreferrer noopener\"><\/a><a href=\"http:\/\/www.rassekaninchen-wuerttemberg.de\/\" target=\"_blank\" rel=\"noreferrer noopener\"><\/a><a href=\"http:\/\/www.rassekaninchen-wuerttemberg.de\/\" target=\"_blank\" rel=\"noreferrer noopener\"><\/a><a href=\"http:\/\/www.rassekaninchen-wuerttemberg.de\/\" target=\"_blank\" rel=\"noreferrer noopener\"><\/a><\/td><\/tr><tr><td>LV Schleswig-Holsteinischer<br>Rassekaninchenz\u00fcchter e.V.<\/td><td colspan=\"2\"><a href=\"http:\/\/www.kaninchen-abc.de\/\" target=\"_blank\" rel=\"noreferrer noopener\"><\/a><\/td><\/tr><tr><td>LV Kurhessen<\/td><td colspan=\"2\"><a href=\"http:\/\/www.kaninchen-kurhessen.de\/\" target=\"_blank\" rel=\"noreferrer noopener\"><\/a><\/td><\/tr><tr><td>LV Rheinischer Kaninchenz\u00fcchter e.V.<\/td><td colspan=\"2\"><a href=\"http:\/\/www.kaninchen-rheinland.de\/\" target=\"_blank\" rel=\"noreferrer noopener\"><\/a><\/td><\/tr><tr><td>LV Badischer Kaninchenz\u00fcchter e. V.<\/td><td colspan=\"2\"><a href=\"http:\/\/www.kaninchen-baden.de\/\" target=\"_blank\" rel=\"noreferrer noopener\"><\/a><\/td><\/tr><tr><td>LV Rheinland-Pfalz e.V.<\/td><td colspan=\"2\"><a href=\"http:\/\/www.kaninchen-pfalz.de\/\" target=\"_blank\" rel=\"noreferrer noopener\"><\/a><\/td><\/tr><tr><td>LV der Rassekaninchenz\u00fcchter Berlin &#8211;<br>Mark-Brandenburg e. V.<\/td><td colspan=\"2\"><a href=\"http:\/\/www.kaninchen-berlin-brandenburg.de\/\" target=\"_blank\" rel=\"noreferrer noopener\"><\/a><\/td><\/tr><tr><td>LV Hessen Nassau<\/td><td colspan=\"2\"><a href=\"http:\/\/www.kaninchen-lvhessennassau.de\/\" target=\"_blank\" rel=\"noreferrer noopener\"><\/a><\/td><\/tr><tr><td>LV Westfalen &#8211; Lippe<\/td><td colspan=\"2\"><a target=\"_blank\" href=\"http:\/\/www.lv-westfalen.de\/\" rel=\"noreferrer noopener\"><\/a>&nbsp;&nbsp;<\/td><\/tr><tr><td>LV Saar<\/td><td colspan=\"2\"><a href=\"http:\/\/www.rassekaninchen-lv-saar.de\/\" target=\"_blank\" rel=\"noreferrer noopener\"><\/a><\/td><\/tr><tr><td>LV Sachsen<\/td><td colspan=\"2\"><a href=\"https:\/\/www.rassekaninchen-sachsen.de\/\" target=\"_blank\" rel=\"noreferrer noopener\"><\/a><\/td><\/tr><tr><td>LV Sachsen-Anhalt e.&nbsp;V.<\/td><td colspan=\"2\"><a href=\"https:\/\/www.kaninchen-lsa.de\/\" target=\"_blank\" rel=\"noreferrer noopener\">https:\/\/www.kaninchen-lsa.de\/<\/a><\/td><\/tr><tr><td>&nbsp;<\/td><td colspan=\"2\">&nbsp;<\/td><\/tr><tr><td>Riesen-Club-Bayern<\/td><td colspan=\"2\"><a href=\"http:\/\/www.riesenclub-bayern.de\/\" target=\"_blank\" rel=\"noreferrer noopener\">www.riesenclub-bayern.de<\/a><\/td><\/tr><tr><td>&nbsp;<\/td><td colspan=\"2\">&nbsp;<\/td><\/tr><tr><td>&nbsp;<\/td><td colspan=\"2\">&nbsp;<\/td><\/tr><tr><td>Bezirksverband Oberfr\u00e4nkischer Rassekaninchenz\u00fcchter e.V.<\/td><td colspan=\"2\"><a href=\"http:\/\/www.kaninchen-oberfranken.de\/\" target=\"_blank\" rel=\"noreferrer noopener\"><\/a><\/td><\/tr><tr><td>Bezirksverband Oberpf\u00e4lzer Rassekaninchenz\u00fcchter e.V.<\/td><td colspan=\"2\"><a href=\"https:\/\/www.kaninchen-oberpfalz.de\/\" target=\"_blank\" rel=\"noreferrer noopener\">https:\/\/www.kaninchen-oberpfalz.de<\/a><\/td><\/tr><tr><td>Bezirksverband Niederbayerischer Rassekaninchenz\u00fcchter e.V.<\/td><td colspan=\"2\"><a href=\"http:\/\/www.kaninchen-niederbayern.de\/\" target=\"_blank\" rel=\"noreferrer noopener\"><\/a><\/td><\/tr><tr><td>Junge Tierfreunde Mittelfranken<\/td><td colspan=\"2\"><a href=\"http:\/\/www.jungetierfreunde-mfr.jimdo.com\/\" target=\"_blank\" rel=\"noreferrer noopener\">www.jungetierfreunde-mfr.jimdo.com<\/a><\/td><\/tr><tr><td>&nbsp;<\/td><td colspan=\"2\">&nbsp;<\/td><\/tr><tr><td>&nbsp;<\/td><td colspan=\"2\">&nbsp;<\/td><\/tr><tr><td>Kreisverein Bayreuth im LV Kaninchenz\u00fcchter e.V.<\/td><td colspan=\"2\"><a href=\"https:\/\/www.kaninchen-oberfranken.de\/kreisvereine\/bayreuth\"><\/a><\/td><\/tr><tr><td>Kreisverein Deggendorf<\/td><td colspan=\"2\"><a href=\"http:\/\/www.kreisverein-deggendorf.de\/\" target=\"_blank\" rel=\"noreferrer noopener\"><\/a><\/td><\/tr><tr><td>&nbsp;<\/td><td colspan=\"2\">&nbsp;<\/td><\/tr><tr><td>&nbsp;<\/td><td colspan=\"2\">&nbsp;<\/td><\/tr><tr><td><\/td><td colspan=\"2\"><\/td><\/tr><tr><td>B2 Aubinger Kaninchenzuchtvereins<\/td><td colspan=\"2\"><a href=\"http:\/\/www.aubinger-haserer.de\/\" target=\"_blank\" rel=\"noreferrer noopener\">http:\/\/www.aubinger-haserer.de<\/a><\/td><\/tr><tr><td>B18 Olching und Umgebung<\/td><td colspan=\"2\"><a href=\"https:\/\/kzv-b18.de\/\" target=\"_blank\" rel=\"noreferrer noopener\"><\/a><\/td><\/tr><tr><td>B56 Gilching<\/td><td colspan=\"2\"><a href=\"http:\/\/www.widder-kaninchen.de\/\" target=\"_blank\" rel=\"noreferrer noopener\">www.widder-kaninchen.de<\/a><\/td><\/tr><tr><td>B236 Schwabm\u00fcnchen<\/td><td colspan=\"2\"><a href=\"http:\/\/www.kleintierzuchtverein-b236-schwabmuenchen.de\/\" target=\"_blank\" rel=\"noreferrer noopener\"><\/a><\/td><\/tr><tr><td>B249 Buchloe e.V.<\/td><td colspan=\"2\"><a href=\"http:\/\/www.klzv-buchloe.de\/\" target=\"_blank\" rel=\"noreferrer noopener\">www.klzv-buchloe.de<\/a><\/td><\/tr><tr><td>B277 Sonthofen e.V.<\/td><td colspan=\"2\"><a href=\"http:\/\/www.kleintierzuchtverein-sonthofen.de\/\" target=\"_blank\" rel=\"noreferrer noopener\">www.kleintierzuchtverein-sonthofen.de<\/a><\/td><\/tr><tr><td>B288 Heimenkirch<\/td><td colspan=\"2\"><a href=\"http:\/\/www.kzv-heimenkirch.de\/\" target=\"_blank\" rel=\"noreferrer noopener\">www.kzv-heimenkirch.de<\/a><\/td><\/tr><tr><td>B408 N\u00fcrnberg Gibitzenhof<\/td><td colspan=\"2\"><a href=\"http:\/\/www.ktzv-gibitzenhof.com\/\" target=\"_blank\" rel=\"noreferrer noopener\">www.ktzv-gibitzenhof.com<\/a><\/td><\/tr><tr><td>B601 Landshut Stamm<\/td><td colspan=\"2\"><a href=\"http:\/\/www.kaninchen-landshut-b601.de\/\" target=\"_blank\" rel=\"noreferrer noopener\">www.kaninchen-landshut-b601.de<\/a><\/td><\/tr><tr><td>B630 Abensberg Stamm<\/td><td colspan=\"2\"><a href=\"http:\/\/www.b630-abensberg-stamm.de\/\" target=\"_blank\" rel=\"noreferrer noopener\">http:\/\/www.b630-abensberg-stamm.de<\/a><\/td><\/tr><tr><td>B662 Landau\/Isar e.V.<\/td><td colspan=\"2\"><a href=\"http:\/\/kaninchenzuchtverein-landau.de\/\" target=\"_blank\" rel=\"noreferrer noopener\"><\/a><\/td><\/tr><tr><td>B731 Berching e.V.<\/td><td colspan=\"2\"><a href=\"http:\/\/www.kaninchen-berching.de.tl\/\" target=\"_blank\" rel=\"noreferrer noopener\">http:\/\/www.kaninchen-berching.de.tl<\/a><\/td><\/tr><tr><td>B787&nbsp;Kleintierzuchtverein Nittenau<\/td><td colspan=\"2\"><a href=\"http:\/\/www.kzv-nittenau.de\/\" target=\"_blank\" rel=\"noreferrer noopener\">www.kzv-nittenau.de\/<\/a><\/td><\/tr><tr><td>B801 KTZV Waidhaus u. Umgebung<\/td><td colspan=\"2\"><a href=\"https:\/\/www.ktzv-waidhaus.com\/\" target=\"_blank\" rel=\"noreferrer noopener\">https:\/\/www.ktzv-waidhaus.com\/<\/a><\/td><\/tr><tr><td>B810 KTZV Eschenbach und Umgebung e.V.<\/td><td colspan=\"2\"><a href=\"http:\/\/www.ktzv-eschenbach.de\/\" target=\"_blank\" rel=\"noreferrer noopener\">http:\/\/www.ktzv-eschenbach.de<\/a><\/td><\/tr><tr><td>B846 Weidenberg e. V.<\/td><td colspan=\"2\"><a href=\"http:\/\/www.ktzv-weidenberg.de\/\" target=\"_blank\" rel=\"noreferrer noopener\">http:\/\/www.ktzv-weidenberg.de\/<\/a><\/td><\/tr><tr><td>B873 KTZV Untermerzbach-Lahm und Umgebung e.V.<\/td><td colspan=\"2\"><a href=\"https:\/\/www.ktzv-untermerzbach.de\/\" target=\"_blank\" rel=\"noreferrer noopener\">https:\/\/www.ktzv-untermerzbach.de\/<\/a><\/td><\/tr><tr><td>B906 Wei\u00dfenbrunn v. Wald e.V.<\/td><td colspan=\"2\"><a href=\"http:\/\/www.kleintierzuchtverein-weissenbrunn.de\/\" target=\"_blank\" rel=\"noreferrer noopener\">www.kleintierzuchtverein-weissenbrunn.de\/<\/a><\/td><\/tr><tr><td>B949 Teuschnitz<\/td><td><a href=\"http:\/\/kaninchenzucht.de\/b949\" target=\"_blank\" rel=\"noreferrer noopener\">kaninchenzucht.de\/b949<\/a><\/td><td>&nbsp;<\/td><\/tr><tr><td>B1145 Schwanfeld<\/td><td colspan=\"2\"><a href=\"http:\/\/www.b1145.de\/\" target=\"_blank\" rel=\"noreferrer noopener\">www.b1145.de<\/a><\/td><\/tr><tr><td>KTZV Thurnau und Umgebung e.V.<\/td><td colspan=\"2\"><a href=\"http:\/\/www.ktzv-thurnau.de\/\" target=\"_blank\" rel=\"noreferrer noopener\">www.ktzv-thurnau.de\/<\/a><\/td><\/tr><tr><td><\/td><td colspan=\"2\">&nbsp;<\/td><\/tr><tr><td>Kaninchenz\u00fcchterverband S\u00fcdtirol<\/td><td colspan=\"2\"><a target=\"_blank\" href=\"http:\/\/www.kaninchenzuechterverband-sudtirol.it\/\" rel=\"noreferrer noopener\"><\/a><\/td><\/tr><tr><td>&nbsp;<\/td><td colspan=\"2\">&nbsp;<\/td><\/tr><tr><td>Kaninchen-Haltung.com<\/td><td colspan=\"2\"><a href=\"https:\/\/www.kaninchen-haltung.com\/\" target=\"_blank\" rel=\"noreferrer noopener\">http:\/\/www.kaninchen-haltung.com<\/a><\/td><\/tr><tr><td>Kleintiernews<\/td><td colspan=\"2\"><a href=\"http:\/\/kaninchenzucht.de\/\" target=\"_blank\" rel=\"noreferrer noopener\"><\/a><\/td><\/tr><tr><td>Infos rund um das Angorakaninchen<\/td><td colspan=\"2\"><a href=\"http:\/\/www.angorakaninchen.info\/\" target=\"_blank\" rel=\"noreferrer noopener\">www.angorakaninchen.info<\/a><\/td><\/tr><tr><td>Kaninchenzucht.de<\/td><td colspan=\"2\"><a href=\"http:\/\/kaninchenzucht.de\/\" target=\"_blank\" rel=\"noreferrer noopener\">https:\/\/kaninchenzucht.de\/<\/a><\/td><\/tr><tr><td>Markt Thurnau (der Sitz des LV-Bayern)<\/td><td colspan=\"2\"><br>LV der Rassekaninchenz\u00fcchter<br>W\u00fcrttemberg und Hohenzollern e.V.<br><a href=\"http:\/\/www.rassekaninchen-wuerttemberg.de\/\" target=\"_blank\" rel=\"noreferrer noopener\"><\/a><br>LV Schleswig-Holsteinischer<br>Rassekaninchenz\u00fcchter e.V.<br><a href=\"http:\/\/www.kaninchen-abc.de\/\" target=\"_blank\" rel=\"noreferrer noopener\"><\/a><br>LV Kurhessen<br><a href=\"http:\/\/www.kaninchen-kurhessen.de\/\" target=\"_blank\" rel=\"noreferrer noopener\"><\/a><br>LV Rheinischer Kaninchenz\u00fcchter e.V.<br><a href=\"http:\/\/www.kaninchen-rheinland.de\/\" target=\"_blank\" rel=\"noreferrer noopener\"><\/a><br>LV Badischer Kaninchenz\u00fcchter e. V.<br><a href=\"http:\/\/www.kaninchen-baden.de\/\" target=\"_blank\" rel=\"noreferrer noopener\"><\/a><br>LV Rheinland-Pfalz e.V.<br><a href=\"http:\/\/www.kaninchen-pfalz.de\/\" target=\"_blank\" rel=\"noreferrer noopener\"><\/a><br>LV der Rassekaninchenz\u00fcchter Berlin &#8211;<br>Mark-Brandenburg e. V.<br><a href=\"http:\/\/www.kaninchen-berlin-brandenburg.de\/\" target=\"_blank\" rel=\"noreferrer noopener\"><\/a><br>LV Hessen Nassau<br><a href=\"http:\/\/www.kaninchen-lvhessennassau.de\/\" target=\"_blank\" rel=\"noreferrer noopener\"><\/a><br>LV Westfalen &#8211; Lippe<br><a href=\"http:\/\/www.lv-westfalen.de\/\" target=\"_blank\" rel=\"noreferrer noopener\"><\/a>\u00a0\u00a0<br>LV Saar<br><a href=\"http:\/\/www.rassekaninchen-lv-saar.de\/\" target=\"_blank\" rel=\"noreferrer noopener\"><\/a><br>LV Sachsen<br><a href=\"https:\/\/www.rassekaninchen-sachsen.de\/\" target=\"_blank\" rel=\"noreferrer noopener\"><\/a><br>LV Sachsen-Anhalt e.\u00a0V.<br><a href=\"https:\/\/www.kaninchen-lsa.de\/\" target=\"_blank\" rel=\"noreferrer noopener\">https:\/\/www.kaninchen-lsa.de\/<\/a><br>\u00a0<br>\u00a0<br>Riesen-Club-Bayern<br><a href=\"http:\/\/www.riesenclub-bayern.de\/\" target=\"_blank\" rel=\"noreferrer noopener\">www.riesenclub-bayern.de<\/a><br>\u00a0<br>\u00a0<br>\u00a0<br>\u00a0<br>Bezirksverband Oberfr\u00e4nkischer Rassekaninchenz\u00fcchter e.V.<br><br><a href=\"http:\/\/www.kaninchen-oberfranken.de\/\" target=\"_blank\" rel=\"noreferrer noopener\"><\/a><br>Bezirksverband Oberpf\u00e4lzer Rassekaninchenz\u00fcchter e.V.<br><a href=\"https:\/\/www.kaninchen-oberpfalz.de\/\" target=\"_blank\" rel=\"noreferrer noopener\">https:\/\/www.kaninchen-oberpfalz.de<\/a><br>Bezirksverband Niederbayerischer Rassekaninchenz\u00fcchter e.V.<br><a href=\"http:\/\/www.kaninchen-niederbayern.de\/\" target=\"_blank\" rel=\"noreferrer noopener\"><\/a><br>Junge Tierfreunde Mittelfranken<br><a href=\"http:\/\/www.jungetierfreunde-mfr.jimdo.com\/\" target=\"_blank\" rel=\"noreferrer noopener\">www.jungetierfreunde-mfr.jimdo.com<\/a><br>\u00a0<br>\u00a0<br>\u00a0<br>\u00a0<br>Kreisverein Bayreuth im LV Kaninchenz\u00fcchter e.V.<br><br><a href=\"https:\/\/www.kaninchen-oberfranken.de\/kreisvereine\/bayreuth\"><\/a><br>Kreisverein Deggendorf<br><a href=\"http:\/\/www.kreisverein-deggendorf.de\/\" target=\"_blank\" rel=\"noreferrer noopener\"><\/a><br>\u00a0<br>\u00a0<br>\u00a0<br>\u00a0<br><br><br><br>B2 Aubinger Kaninchenzuchtvereins<br><a href=\"http:\/\/www.aubinger-haserer.de\/\" target=\"_blank\" rel=\"noreferrer noopener\">http:\/\/www.aubinger-haserer.de<\/a><br>B18 Olching und Umgebung<br><a href=\"https:\/\/kzv-b18.de\/\" target=\"_blank\" rel=\"noreferrer noopener\"><\/a><br>B56 Gilching<br><a href=\"http:\/\/www.widder-kaninchen.de\/\" target=\"_blank\" rel=\"noreferrer noopener\">www.widder-kaninchen.de<\/a><br>B236 Schwabm\u00fcnchen<br><a href=\"http:\/\/www.kleintierzuchtverein-b236-schwabmuenchen.de\/\" target=\"_blank\" rel=\"noreferrer noopener\"><\/a><br>B249 Buchloe e.V.<br><a href=\"http:\/\/www.klzv-buchloe.de\/\" target=\"_blank\" rel=\"noreferrer noopener\">www.klzv-buchloe.de<\/a><br>B277 Sonthofen e.V.<br><a href=\"http:\/\/www.kleintierzuchtverein-sonthofen.de\/\" target=\"_blank\" rel=\"noreferrer noopener\">www.kleintierzuchtverein-sonthofen.de<\/a><br>B288 Heimenkirch<br><a href=\"http:\/\/www.kzv-heimenkirch.de\/\" target=\"_blank\" rel=\"noreferrer noopener\">www.kzv-heimenkirch.de<\/a><br>B408 N\u00fcrnberg Gibitzenhof<br><a href=\"http:\/\/www.ktzv-gibitzenhof.com\/\" target=\"_blank\" rel=\"noreferrer noopener\">www.ktzv-gibitzenhof.com<\/a><br>B601 Landshut Stamm<br><a href=\"http:\/\/www.kaninchen-landshut-b601.de\/\" target=\"_blank\" rel=\"noreferrer noopener\">www.kaninchen-landshut-b601.de<\/a><br>B630 Abensberg Stamm<br><a href=\"http:\/\/www.b630-abensberg-stamm.de\/\" target=\"_blank\" rel=\"noreferrer noopener\">http:\/\/www.b630-abensberg-stamm.de<\/a><br>B662 Landau\/Isar e.V.<br><a href=\"http:\/\/kaninchenzuchtverein-landau.de\/\" target=\"_blank\" rel=\"noreferrer noopener\"><\/a><br>B731 Berching e.V.<br><a href=\"http:\/\/www.kaninchen-berching.de.tl\/\" target=\"_blank\" rel=\"noreferrer noopener\">http:\/\/www.kaninchen-berching.de.tl<\/a><br>B787\u00a0Kleintierzuchtverein Nittenau<br><a href=\"http:\/\/www.kzv-nittenau.de\/\" target=\"_blank\" rel=\"noreferrer noopener\">www.kzv-nittenau.de\/<\/a><br>B801 KTZV Waidhaus u. Umgebung<br><a href=\"https:\/\/www.ktzv-waidhaus.com\/\" target=\"_blank\" rel=\"noreferrer noopener\">https:\/\/www.ktzv-waidhaus.com\/<\/a><br>B810 KTZV Eschenbach und Umgebung e.V.<br><a href=\"http:\/\/www.ktzv-eschenbach.de\/\" target=\"_blank\" rel=\"noreferrer noopener\">http:\/\/www.ktzv-eschenbach.de<\/a><br>B846 Weidenberg e. V.<br><a href=\"http:\/\/www.ktzv-weidenberg.de\/\" target=\"_blank\" rel=\"noreferrer noopener\">http:\/\/www.ktzv-weidenberg.de\/<\/a><br>B873 KTZV Untermerzbach-Lahm und Umgebung e.V.<br><a href=\"https:\/\/www.ktzv-untermerzbach.de\/\" target=\"_blank\" rel=\"noreferrer noopener\">https:\/\/www.ktzv-untermerzbach.de\/<\/a><br>B906 Wei\u00dfenbrunn v. Wald e.V.<br><a href=\"http:\/\/www.kleintierzuchtverein-weissenbrunn.de\/\" target=\"_blank\" rel=\"noreferrer noopener\">www.kleintierzuchtverein-weissenbrunn.de\/<\/a><br>B949 Teuschnitz<br><a href=\"http:\/\/kaninchenzucht.de\/b949\" target=\"_blank\" rel=\"noreferrer noopener\">kaninchenzucht.de\/b949<\/a><br>\u00a0<br>B1145 Schwanfeld<br><a href=\"http:\/\/www.b1145.de\/\" target=\"_blank\" rel=\"noreferrer noopener\">www.b1145.de<\/a><br>KTZV Thurnau und Umgebung e.V.<br><a href=\"http:\/\/www.ktzv-thurnau.de\/\" target=\"_blank\" rel=\"noreferrer noopener\">www.ktzv-thurnau.de\/<\/a><br><br>\u00a0<br>Kaninchenz\u00fcchterverband S\u00fcdtirol<br><br><a href=\"http:\/\/www.kaninchenzuechterverband-sudtirol.it\/\" target=\"_blank\" rel=\"noreferrer noopener\"><\/a><br>\u00a0<br>\u00a0<br>Kaninchen-Haltung.com<br><br><a href=\"https:\/\/www.kaninchen-haltung.com\/\" target=\"_blank\" rel=\"noreferrer noopener\">http:\/\/www.kaninchen-haltung.com<\/a><br><br>Kleintiernews<br><a href=\"http:\/\/kaninchenzucht.de\/\" target=\"_blank\" rel=\"noreferrer noopener\"><\/a><br>Infos rund um das Angorakaninchen<br><a href=\"http:\/\/www.angorakaninchen.info\/\" target=\"_blank\" rel=\"noreferrer noopener\">www.angorakaninchen.info<\/a><br>Kaninchenzucht.de<br><a href=\"http:\/\/kaninchenzucht.de\/\" target=\"_blank\" rel=\"noreferrer noopener\">https:\/\/kaninchenzucht.de\/<\/a><br>Markt Thurnau (der Sitz des LV-Bayern)<br><a href=\"http:\/\/www.thurnau.de\/\" target=\"_blank\" rel=\"noreferrer noopener\"><\/a><a href=\"http:\/\/www.thurnau.de\/\" target=\"_blank\" rel=\"noreferrer noopener\"><\/a><\/td><\/tr><\/tbody><\/table><\/figure>\n","protected":false},"excerpt":{"rendered":"<p>LV der Rassekaninchenz\u00fcchterW\u00fcrttemberg und Hohenzollern e.V. LV Schleswig-HolsteinischerRassekaninchenz\u00fcchter e.V. LV Kurhessen LV Rheinischer Kaninchenz\u00fcchter e.V. LV Badischer Kaninchenz\u00fcchter e. V. LV Rheinland-Pfalz e.V. LV der Rassekaninchenz\u00fcchter Berlin &#8211;Mark-Brandenburg e. V. LV Hessen Nassau LV Westfalen &#8211; Lippe &nbsp;&nbsp; LV Saar<\/p>\n","protected":false},"author":1,"featured_media":0,"parent":406,"menu_order":0,"comment_status":"closed","ping_status":"closed","template":"","meta":{"footnotes":""},"class_list":["post-442","page","type-page","status-publish","hentry"],"_links":{"self":[{"href":"https:\/\/demo.vbrk.de\/index.php?rest_route=\/wp\/v2\/pages\/442","targetHints":{"allow":["GET"]}}],"collection":[{"href":"https:\/\/demo.vbrk.de\/index.php?rest_route=\/wp\/v2\/pages"}],"about":[{"href":"https:\/\/demo.vbrk.de\/index.php?rest_route=\/wp\/v2\/types\/page"}],"author":[{"embeddable":true,"href":"https:\/\/demo.vbrk.de\/index.php?rest_route=\/wp\/v2\/users\/1"}],"replies":[{"embeddable":true,"href":"https:\/\/demo.vbrk.de\/index.php?rest_route=%2Fwp%2Fv2%2Fcomments&post=442"}],"version-history":[{"count":3,"href":"https:\/\/demo.vbrk.de\/index.php?rest_route=\/wp\/v2\/pages\/442\/revisions"}],"predecessor-version":[{"id":595,"href":"https:\/\/demo.vbrk.de\/index.php?rest_route=\/wp\/v2\/pages\/442\/revisions\/595"}],"up":[{"embeddable":true,"href":"https:\/\/demo.vbrk.de\/index.php?rest_route=\/wp\/v2\/pages\/406"}],"wp:attachment":[{"href":"https:\/\/demo.vbrk.de\/index.php?rest_route=%2Fwp%2Fv2%2Fmedia&parent=442"}],"curies":[{"name":"wp","href":"https:\/\/api.w.org\/{rel}","templated":true}]}}