{"id":418,"date":"2025-01-17T10:18:55","date_gmt":"2025-01-17T09:18:55","guid":{"rendered":"https:\/\/demo.vbrk.de\/?page_id=418"},"modified":"2025-09-25T12:28:47","modified_gmt":"2025-09-25T10:28:47","slug":"preisrichter","status":"publish","type":"page","link":"https:\/\/demo.vbrk.de\/?page_id=418","title":{"rendered":"Preisrichter"},"content":{"rendered":"<h2>\u00a0<\/h2>\n<h2>Oberbayern<\/h2>\n<p><p>&nbsp;<\/p>\n<p><strong>Obmann:<\/strong><\/p>\n<\/p>\n\n\n<p>Samietz Klaus Dieter, Truderinger Stra\u00dfe 140c, 81825 M\u00fcnchen, Tel. 089\/4313650, 017645786357,&nbsp;<a href=\"mailto:kdsamietz@web.de\">kdsamietz@web.de<\/a><\/p>\n\n\n\n<p><strong>Schulungsleiter:<\/strong><\/p>\n\n\n\n<p>Rudi Hoffmann, Mitterweg 6, 82404 Sindelsdorf, Tel. 0179 5016523,&nbsp;<a href=\"mailto:castorrex%20.hoffmann@t-online.de\">castorrex .hoffmann@t-online.de<\/a><\/p>\n\n\n<p><p>&nbsp;<\/p>\n<p>&nbsp;<\/p>\n<\/p>\n\n\n<figure class=\"wp-block-flexible-table-block-table\"><table class=\"has-fixed-layout\"><tbody><tr><td>&nbsp;<\/td><td>&nbsp;<\/td><td>&nbsp;<\/td><td>&nbsp;<\/td><td>&nbsp;<\/td><\/tr><tr><td>&nbsp;<\/td><td>&nbsp;<\/td><td>&nbsp;<\/td><td>&nbsp;<\/td><td>&nbsp;<\/td><\/tr><tr><td>&nbsp;<\/td><td>&nbsp;<\/td><td>&nbsp;<\/td><td>&nbsp;<\/td><td>&nbsp;<\/td><\/tr><tr><td>&nbsp;<\/td><td>&nbsp;<\/td><td>&nbsp;<\/td><td>&nbsp;<\/td><td>&nbsp;<\/td><\/tr><tr><td>&nbsp;<\/td><td>&nbsp;<\/td><td>&nbsp;<\/td><td>&nbsp;<\/td><td>&nbsp;<\/td><\/tr><tr><td>&nbsp;<\/td><td>&nbsp;<\/td><td>&nbsp;<\/td><td>&nbsp;<\/td><td>&nbsp;<\/td><\/tr><tr><td>&nbsp;<\/td><td>&nbsp;<\/td><td>&nbsp;<\/td><td>&nbsp;<\/td><td>&nbsp;<\/td><\/tr><tr><td>&nbsp;<\/td><td>&nbsp;<\/td><td>&nbsp;<\/td><td>&nbsp;<\/td><td>&nbsp;<\/td><\/tr><tr><td>&nbsp;<\/td><td>&nbsp;<\/td><td>&nbsp;<\/td><td>&nbsp;<\/td><td>&nbsp;<\/td><\/tr><tr><td>&nbsp;<\/td><td>&nbsp;<\/td><td>&nbsp;<\/td><td>&nbsp;<\/td><td>&nbsp;<\/td><\/tr><tr><td>&nbsp;<\/td><td>&nbsp;<\/td><td>&nbsp;<\/td><td>&nbsp;<\/td><td>&nbsp;<\/td><\/tr><tr><td>&nbsp;<\/td><td>&nbsp;<\/td><td>&nbsp;<\/td><td>&nbsp;<\/td><td>&nbsp;<\/td><\/tr><tr><td>&nbsp;<\/td><td>&nbsp;<\/td><td>&nbsp;<\/td><td>&nbsp;<\/td><td>&nbsp;<\/td><\/tr><tr><td>&nbsp;<\/td><td>&nbsp;<\/td><td>&nbsp;<\/td><td>&nbsp;<\/td><td>&nbsp;<\/td><\/tr><tr><td>&nbsp;<\/td><td>&nbsp;<\/td><td>&nbsp;<\/td><td>&nbsp;<\/td><td>&nbsp;<\/td><\/tr><tr><td>&nbsp;<\/td><td>&nbsp;<\/td><td>&nbsp;<\/td><td>&nbsp;<\/td><td>&nbsp;<\/td><\/tr><tr><td>&nbsp;<\/td><td>&nbsp;<\/td><td>&nbsp;<\/td><td>&nbsp;<\/td><td>&nbsp;<\/td><\/tr><tr><td>&nbsp;<\/td><td>&nbsp;<\/td><td>&nbsp;<\/td><td>&nbsp;<\/td><td>&nbsp;<\/td><\/tr><tr><td>&nbsp;<\/td><td>&nbsp;<\/td><td>&nbsp;<\/td><td>&nbsp;<\/td><td>&nbsp;<\/td><\/tr><\/tbody><\/table><\/figure>\n\n\n<p><p>&nbsp;<\/p>\n<p>&nbsp;<\/p>\n<\/p>\n\n\n<h2 class=\"wp-block-heading\">Schwaben<\/h2>\n\n\n<p><p>&nbsp;<\/p>\n<p><strong>Obmann:<\/strong><\/p>\n<\/p>\n\n\n<p>Gru\u00dfler Lorenz, Schlossstra\u00dfe 15 F, 86441 Zusmarshausen , Tel. 08291\/858445, Mobil: 0171\/9339290 Fax&nbsp;08291\/858448,&nbsp;<a href=\"mailto:Lorenz.Grussler@t-online.de\">Lorenz.Grussler@t-online.de<\/a><\/p>\n\n\n\n<p><strong>Schulungsleiter:<\/strong><\/p>\n\n\n\n<p>Gerald Fr\u00f6se, Zimmermannstra\u00dfe 5, 86154 Augsburg, Tel. 0821\/416357,&nbsp;<a href=\"mailto:Gerald-Froese@gmx.de\">Gerald-Froese@gmx.de<\/a><\/p>\n\n\n\n<p>&nbsp;<\/p>\n\n\n\n<p><\/p>\n\n\n\n<figure class=\"wp-block-flexible-table-block-table\"><table class=\"has-fixed-layout\"><tbody><tr><td>&nbsp;<\/td><td>&nbsp;<\/td><td>&nbsp;<\/td><td>&nbsp;<\/td><td>&nbsp;<\/td><\/tr><tr><td>&nbsp;<\/td><td>&nbsp;<\/td><td>&nbsp;<\/td><td>&nbsp;<\/td><td>&nbsp;<\/td><\/tr><tr><td>&nbsp;<\/td><td>&nbsp;<\/td><td>&nbsp;<\/td><td>&nbsp;<\/td><td>&nbsp;<\/td><\/tr><tr><td>&nbsp;<\/td><td>&nbsp;<\/td><td>&nbsp;<\/td><td>&nbsp;<\/td><td>&nbsp;<\/td><\/tr><tr><td>&nbsp;<\/td><td>&nbsp;<\/td><td>&nbsp;<\/td><td>&nbsp;<\/td><td>&nbsp;<\/td><\/tr><tr><td>&nbsp;<\/td><td>&nbsp;<\/td><td>&nbsp;<\/td><td>&nbsp;<\/td><td>&nbsp;<\/td><\/tr><tr><td>&nbsp;<\/td><td>&nbsp;<\/td><td>&nbsp;<\/td><td>&nbsp;<\/td><td>&nbsp;<\/td><\/tr><tr><td>&nbsp;<\/td><td>&nbsp;<\/td><td>&nbsp;<\/td><td>&nbsp;<\/td><td>&nbsp;<\/td><\/tr><tr><td>&nbsp;<\/td><td>&nbsp;<\/td><td>&nbsp;<\/td><td>&nbsp;<\/td><td>&nbsp;<\/td><\/tr><tr><td>&nbsp;<\/td><td>&nbsp;<\/td><td>&nbsp;<\/td><td>&nbsp;<\/td><td>&nbsp;<\/td><\/tr><\/tbody><\/table><\/figure>\n\n\n<p><\/p>\n\n\n<h2 class=\"wp-block-heading\">&nbsp;Mittelfranken<\/h2>\n\n\n<p><p>&nbsp;<\/p>\n<p><strong>Obmann:<\/strong><\/p>\n<\/p>\n\n\n<p>Wei\u00df Manfred, Obere R\u00f6delbergstra\u00dfe 5, 91244 Reichenschwand, Tel. 09151\/95425,&nbsp;<a href=\"mailto:weiss.manni@t-online.de\">weiss.manni@t-online.de<\/a><\/p>\n\n\n\n<p><strong>Schulungsleiter:<\/strong><\/p>\n\n\n\n<p>Rainer Sondershaus, Talblick 11, 90765 F\u00fcrth, Tel. 0911 \/792457, 0171\/8398388,&nbsp;<a href=\"mailto:rainer.sondershaus@t-online.de\">rainer.sondershaus@t-online.de<\/a><\/p>\n\n\n<p><p>&nbsp;<\/p>\n<p>&nbsp;<\/p>\n<\/p>\n\n\n<figure class=\"wp-block-flexible-table-block-table\"><table class=\"has-fixed-layout\"><tbody><tr><td>&nbsp;<\/td><td>&nbsp;<\/td><td>&nbsp;<\/td><td>&nbsp;<\/td><td>&nbsp;<\/td><\/tr><tr><td>&nbsp;<\/td><td>&nbsp;<\/td><td>&nbsp;<\/td><td>&nbsp;<\/td><td>&nbsp;<\/td><\/tr><tr><td>&nbsp;<\/td><td>&nbsp;<\/td><td>&nbsp;<\/td><td>&nbsp;<\/td><td>&nbsp;<\/td><\/tr><tr><td>&nbsp;<\/td><td>&nbsp;<\/td><td>&nbsp;<\/td><td>&nbsp;<\/td><td>&nbsp;<\/td><\/tr><tr><td>&nbsp;<\/td><td>&nbsp;<\/td><td>&nbsp;<\/td><td>&nbsp;<\/td><td>&nbsp;<\/td><\/tr><tr><td>&nbsp;<\/td><td>&nbsp;<\/td><td>&nbsp;<\/td><td>&nbsp;<\/td><td>&nbsp;<\/td><\/tr><tr><td>&nbsp;<\/td><td>&nbsp;<\/td><td>&nbsp;<\/td><td>&nbsp;<\/td><td>&nbsp;<\/td><\/tr><tr><td>&nbsp;<\/td><td>&nbsp;<\/td><td>&nbsp;<\/td><td>&nbsp;<\/td><td>&nbsp;<\/td><\/tr><tr><td>&nbsp;<\/td><td>&nbsp;<\/td><td>&nbsp;<\/td><td>&nbsp;<\/td><td>&nbsp;<\/td><\/tr><tr><td>&nbsp;<\/td><td>&nbsp;<\/td><td>&nbsp;<\/td><td>&nbsp;<\/td><td>&nbsp;<\/td><\/tr><tr><td>&nbsp;<\/td><td>&nbsp;<\/td><td>&nbsp;<\/td><td>&nbsp;<\/td><td>&nbsp;<\/td><\/tr><tr><td>&nbsp;<\/td><td>&nbsp;<\/td><td>&nbsp;<\/td><td>&nbsp;<\/td><td>&nbsp;<\/td><\/tr><tr><td>&nbsp;<\/td><td>&nbsp;<\/td><td>&nbsp;<\/td><td>&nbsp;<\/td><td>&nbsp;<\/td><\/tr><tr><td>&nbsp;<\/td><td>&nbsp;<\/td><td>&nbsp;<\/td><td>&nbsp;<\/td><td>&nbsp;<\/td><\/tr><tr><td>&nbsp;<\/td><td>&nbsp;<\/td><td>&nbsp;<\/td><td>&nbsp;<\/td><td>&nbsp;<\/td><\/tr><tr><td>&nbsp;<\/td><td>&nbsp;<\/td><td>&nbsp;<\/td><td>&nbsp;<\/td><td>&nbsp;<\/td><\/tr><tr><td>&nbsp;<\/td><td>&nbsp;<\/td><td>&nbsp;<\/td><td>&nbsp;<\/td><td>&nbsp;<\/td><\/tr><tr><td>&nbsp;<\/td><td>&nbsp;<\/td><td>&nbsp;<\/td><td>&nbsp;<\/td><td>&nbsp;<\/td><\/tr><tr><td>&nbsp;<\/td><td>&nbsp;<\/td><td>&nbsp;<\/td><td>&nbsp;<\/td><td>&nbsp;<\/td><\/tr><tr><td>&nbsp;<\/td><td>&nbsp;<\/td><td>&nbsp;<\/td><td>&nbsp;<\/td><td>&nbsp;<\/td><\/tr><tr><td>&nbsp;<\/td><td>&nbsp;<\/td><td>&nbsp;<\/td><td>&nbsp;<\/td><td>&nbsp;<\/td><\/tr><tr><td>&nbsp;<\/td><td>&nbsp;<\/td><td>&nbsp;<\/td><td>&nbsp;<\/td><td>&nbsp;<\/td><\/tr><tr><td>&nbsp;<\/td><td>&nbsp;<\/td><td>&nbsp;<\/td><td>&nbsp;<\/td><td>&nbsp;<\/td><\/tr><tr><td>&nbsp;<\/td><td>&nbsp;<\/td><td>&nbsp;<\/td><td>&nbsp;<\/td><td>&nbsp;<\/td><\/tr><\/tbody><\/table><\/figure>\n\n\n<p><p>&nbsp;<\/p>\n<p>&nbsp;<\/p>\n<\/p>\n\n\n<h2 class=\"wp-block-heading\">Niederbayern<\/h2>\n\n\n<p><p>&nbsp;<\/p>\n<p><strong>Obmann<\/strong>:<\/p>\n<\/p>\n\n\n<p>Laumer Edmund, Dambach 5, 94336 Windberg, Tel. 09422\/1813, 0160\/1851231,&nbsp;<a href=\"mailto:e.laumer@gmx.de\">e.laumer@gmx.de<\/a><\/p>\n\n\n\n<p><strong>Ehrenobmann:<\/strong><\/p>\n\n\n\n<p>(Passiv) Wagner Helmut, Patrichinger Stra\u00dfe 18, 94034 Passau, Tel. 0851\/54525,&nbsp;<a href=\"mailto:wagnerhelmutsen@yahoo.de\">wagnerhelmutsen@yahoo.de<\/a><\/p>\n\n\n\n<p><strong>Schulungsleiter:<\/strong><\/p>\n\n\n\n<p>Andreas H\u00f6slmeier, Akazienstra\u00dfe 2, 84107 Unterneuhausen, Tel. 08708\/928866, 0151\/14741052&nbsp;<a href=\"mailto:Andreas.Hoeslmeier@t-online.de\">Andreas.Hoeslmeier@t-online.de<\/a><\/p>\n\n\n<p><p>&nbsp;<\/p>\n<p>&nbsp;<\/p>\n<\/p>\n\n\n<figure class=\"wp-block-flexible-table-block-table\"><table class=\"has-fixed-layout\"><tbody><tr><td>&nbsp;<\/td><td>&nbsp;<\/td><td>&nbsp;<\/td><td>&nbsp;<\/td><td>&nbsp;<\/td><\/tr><tr><td>&nbsp;<\/td><td>&nbsp;<\/td><td>&nbsp;<\/td><td>&nbsp;<\/td><td>&nbsp;<\/td><\/tr><tr><td>&nbsp;<\/td><td>&nbsp;<\/td><td>&nbsp;<\/td><td>&nbsp;<\/td><td>&nbsp;<\/td><\/tr><tr><td>&nbsp;<\/td><td>&nbsp;<\/td><td>&nbsp;<\/td><td>&nbsp;<\/td><td>&nbsp;<\/td><\/tr><tr><td>&nbsp;<\/td><td>&nbsp;<\/td><td>&nbsp;<\/td><td>&nbsp;<\/td><td>&nbsp;<\/td><\/tr><tr><td>&nbsp;<\/td><td>&nbsp;<\/td><td>&nbsp;<\/td><td>&nbsp;<\/td><td>&nbsp;<\/td><\/tr><tr><td>&nbsp;<\/td><td>&nbsp;<\/td><td>&nbsp;<\/td><td>&nbsp;<\/td><td>&nbsp;<\/td><\/tr><tr><td>&nbsp;<\/td><td>&nbsp;<\/td><td>&nbsp;<\/td><td>&nbsp;<\/td><td>&nbsp;<\/td><\/tr><tr><td>&nbsp;<\/td><td>&nbsp;<\/td><td>&nbsp;<\/td><td>&nbsp;<\/td><td>&nbsp;<\/td><\/tr><tr><td>&nbsp;<\/td><td>&nbsp;<\/td><td>&nbsp;<\/td><td>&nbsp;<\/td><td>&nbsp;<\/td><\/tr><tr><td>&nbsp;<\/td><td>&nbsp;<\/td><td>&nbsp;<\/td><td>&nbsp;<\/td><td>&nbsp;<\/td><\/tr><tr><td>&nbsp;<\/td><td>&nbsp;<\/td><td>&nbsp;<\/td><td>&nbsp;<\/td><td>&nbsp;<\/td><\/tr><tr><td>&nbsp;<\/td><td>&nbsp;<\/td><td>&nbsp;<\/td><td>&nbsp;<\/td><td>&nbsp;<\/td><\/tr><tr><td>&nbsp;<\/td><td>&nbsp;<\/td><td>&nbsp;<\/td><td>&nbsp;<\/td><td>&nbsp;<\/td><\/tr><tr><td>&nbsp;<\/td><td>&nbsp;<\/td><td>&nbsp;<\/td><td>&nbsp;<\/td><td>&nbsp;<\/td><\/tr><tr><td>&nbsp;<\/td><td>&nbsp;<\/td><td>&nbsp;<\/td><td>&nbsp;<\/td><td>&nbsp;<\/td><\/tr><tr><td>&nbsp;<\/td><td>&nbsp;<\/td><td>&nbsp;<\/td><td>&nbsp;<\/td><td>&nbsp;<\/td><\/tr><tr><td>&nbsp;<\/td><td>&nbsp;<\/td><td>&nbsp;<\/td><td>&nbsp;<\/td><td>&nbsp;<\/td><\/tr><\/tbody><\/table><\/figure>\n\n\n<p><p>&nbsp;<\/p>\n<p>&nbsp;<\/p>\n<\/p>\n\n\n<h2 class=\"wp-block-heading\">Oberpfalz<\/h2>\n\n\n<p><p>&nbsp;<\/p>\n<p><strong>Obmann:<\/strong><\/p>\n<\/p>\n\n\n<p>Grillenbeck Markus, Am Rain 4, 92334 Berching, Tel. 08462\/905099,&nbsp;<a href=\"mailto:grillenbeck@yahoo.de\">grillenbeck@yahoo.de<\/a><\/p>\n\n\n\n<p><strong>Stellvertretender Obmann:<\/strong><\/p>\n\n\n\n<p>L\u00f6ffl Christian, Lindenallee 2b, 93170 K\u00fcrn, Tel 09407\/8102356, Mobil 0172\/8555370,<a href=\"mailto:ch.spoony@googlemail.com\">&nbsp;ch.spoony@googlemail.com<\/a><\/p>\n\n\n\n<p><strong>Ehrenobmann:<\/strong><\/p>\n\n\n\n<p>Menath Josef, Dahlienstra\u00dfe 11, 93197 Zeitlarn, Tel. 09402\/782025,&nbsp;<a href=\"mailto:menath.jp@t-online.de\">menath.jp@t-online.de<\/a><\/p>\n\n\n\n<p><strong>Schulungsleiter:<\/strong><\/p>\n\n\n\n<p>L\u00f6ffl Christian, Lindenallee 2b, 93170 K\u00fcrn, Tel. 09407\/8102356, Mobil 0172\/8555370,&nbsp;<a href=\"mailto:ch.spoony@googelmail.de\">ch.spoony@googelmail.de<\/a><\/p>\n\n\n<p><p>&nbsp;<\/p>\n<p>&nbsp;<\/p>\n<\/p>\n\n\n<figure class=\"wp-block-flexible-table-block-table\"><table class=\"has-fixed-layout\"><tbody><tr><td>&nbsp;<\/td><td>&nbsp;<\/td><td>&nbsp;<\/td><td>&nbsp;<\/td><td>&nbsp;<\/td><\/tr><tr><td>&nbsp;<\/td><td>&nbsp;<\/td><td>&nbsp;<\/td><td>&nbsp;<\/td><td>&nbsp;<\/td><\/tr><tr><td>&nbsp;<\/td><td>&nbsp;<\/td><td>&nbsp;<\/td><td>&nbsp;<\/td><td>&nbsp;<\/td><\/tr><tr><td>&nbsp;<\/td><td>&nbsp;<\/td><td>&nbsp;<\/td><td>&nbsp;<\/td><td>&nbsp;<\/td><\/tr><tr><td>&nbsp;<\/td><td>&nbsp;<\/td><td>&nbsp;<\/td><td>&nbsp;<\/td><td>&nbsp;<\/td><\/tr><tr><td>&nbsp;<\/td><td>&nbsp;<\/td><td>&nbsp;<\/td><td>&nbsp;<\/td><td>&nbsp;<\/td><\/tr><tr><td>&nbsp;<\/td><td>&nbsp;<\/td><td>&nbsp;<\/td><td>&nbsp;<\/td><td>&nbsp;<\/td><\/tr><tr><td>&nbsp;<\/td><td>&nbsp;<\/td><td>&nbsp;<\/td><td>&nbsp;<\/td><td>&nbsp;<\/td><\/tr><tr><td>&nbsp;<\/td><td>&nbsp;<\/td><td>&nbsp;<\/td><td>&nbsp;<\/td><td>&nbsp;<\/td><\/tr><tr><td>&nbsp;<\/td><td>&nbsp;<\/td><td>&nbsp;<\/td><td>&nbsp;<\/td><td>&nbsp;<\/td><\/tr><tr><td>&nbsp;<\/td><td>&nbsp;<\/td><td>&nbsp;<\/td><td>&nbsp;<\/td><td>&nbsp;<\/td><\/tr><tr><td>&nbsp;<\/td><td>&nbsp;<\/td><td>&nbsp;<\/td><td>&nbsp;<\/td><td>&nbsp;<\/td><\/tr><tr><td>&nbsp;<\/td><td>&nbsp;<\/td><td>&nbsp;<\/td><td>&nbsp;<\/td><td>&nbsp;<\/td><\/tr><\/tbody><\/table><\/figure>\n\n\n<p><p>&nbsp;<\/p>\n<p>&nbsp;<\/p>\n<\/p>\n\n\n<h2 class=\"wp-block-heading\">Oberfranken Ost<\/h2>\n\n\n<p><p>&nbsp;<\/p>\n<p><strong>Obmann:<\/strong><\/p>\n<\/p>\n\n\n<p>Markus Kynast, Almbranz 7, 95233 Helmbrechts, Tel. 09252\/8298, 0170 \/6435664,&nbsp;<a href=\"mailto:markuskynast@freenet.de\">markuskynast@freenet.de<\/a><\/p>\n\n\n\n<p><strong>Ehrenobmann:<\/strong><\/p>\n\n\n\n<p>St\u00f6cker Manfred, Kemlasstra\u00dfe 15, 95188 Issigau, Tel. 09293\/1074,&nbsp;<a href=\"mailto:stockerissigau@web.de\">stockerissigau@web.de<\/a><\/p>\n\n\n\n<p>Dieter Wunderlich, Sch\u00f6pferloh 6, 95194 Regnitzlosau, Tel. 09294\/359,&nbsp;<a href=\"mailto:Elektro-Wunderlich@t-online.de\">&nbsp;Elektro-Wunderlich@t-online.de<\/a><\/p>\n\n\n\n<p><strong>Schulungsleiter:<\/strong><\/p>\n\n\n\n<p>Udo Egelkraut, Flei\u00dfnitz 31, 95236 Stammbach, Tel. 0160\/90364834,&nbsp;<a href=\"mailto:udo_egelkraut@web.de\">udo_egelkraut@web.de<\/a><\/p>\n\n\n\n<p><strong>Ehrenschulungsleiter:<\/strong><\/p>\n\n\n\n<p>Edwin Seidel, Sonnleite 17, 95686 Fichtelberg, Tel. 09272\/1477, 0151\/50730443,&nbsp;<a href=\"mailto:Edwin.seidel@gmx.de\">Edwin.seidel@gmx.de<\/a><\/p>\n\n\n<p><p>&nbsp;<\/p>\n<p>&nbsp;<\/p>\n<\/p>\n\n\n<figure class=\"wp-block-flexible-table-block-table\"><table class=\"has-fixed-layout\"><tbody><tr><td>&nbsp;<\/td><td>&nbsp;<\/td><td>&nbsp;<\/td><td>&nbsp;<\/td><td>&nbsp;<\/td><\/tr><tr><td>&nbsp;<\/td><td>&nbsp;<\/td><td>&nbsp;<\/td><td>&nbsp;<\/td><td>&nbsp;<\/td><\/tr><tr><td>&nbsp;<\/td><td>&nbsp;<\/td><td>&nbsp;<\/td><td>&nbsp;<\/td><td>&nbsp;<\/td><\/tr><tr><td>&nbsp;<\/td><td>&nbsp;<\/td><td>&nbsp;<\/td><td>&nbsp;<\/td><td>&nbsp;<\/td><\/tr><tr><td>&nbsp;<\/td><td>&nbsp;<\/td><td>&nbsp;<\/td><td>&nbsp;<\/td><td>&nbsp;<\/td><\/tr><tr><td>&nbsp;<\/td><td>&nbsp;<\/td><td>&nbsp;<\/td><td>&nbsp;<\/td><td>&nbsp;<\/td><\/tr><tr><td>&nbsp;<\/td><td>&nbsp;<\/td><td>&nbsp;<\/td><td>&nbsp;<\/td><td>&nbsp;<\/td><\/tr><tr><td>&nbsp;<\/td><td>&nbsp;<\/td><td>&nbsp;<\/td><td>&nbsp;<\/td><td>&nbsp;<\/td><\/tr><tr><td>&nbsp;<\/td><td>&nbsp;<\/td><td>&nbsp;<\/td><td>&nbsp;<\/td><td>&nbsp;<\/td><\/tr><tr><td>&nbsp;<\/td><td>&nbsp;<\/td><td>&nbsp;<\/td><td>&nbsp;<\/td><td>&nbsp;<\/td><\/tr><tr><td>&nbsp;<\/td><td>&nbsp;<\/td><td>&nbsp;<\/td><td>&nbsp;<\/td><td>&nbsp;<\/td><\/tr><tr><td>&nbsp;<\/td><td>&nbsp;<\/td><td>&nbsp;<\/td><td>&nbsp;<\/td><td>&nbsp;<\/td><\/tr><tr><td>&nbsp;<\/td><td>&nbsp;<\/td><td>&nbsp;<\/td><td>&nbsp;<\/td><td>&nbsp;<\/td><\/tr><tr><td>&nbsp;<\/td><td>&nbsp;<\/td><td>&nbsp;<\/td><td>&nbsp;<\/td><td>&nbsp;<\/td><\/tr><tr><td>&nbsp;<\/td><td>&nbsp;<\/td><td>&nbsp;<\/td><td>&nbsp;<\/td><td>&nbsp;<\/td><\/tr><tr><td>&nbsp;<\/td><td>&nbsp;<\/td><td>&nbsp;<\/td><td>&nbsp;<\/td><td>&nbsp;<\/td><\/tr><\/tbody><\/table><\/figure>\n\n\n<p><p>&nbsp;<\/p>\n<p>&nbsp;<\/p>\n<\/p>\n\n\n<h2 class=\"wp-block-heading\">Oberfranken S\u00fcd<\/h2>\n\n\n<p><p>&nbsp;<\/p>\n<p><strong>Obmann:<\/strong><\/p>\n<\/p>\n\n\n<p>H\u00e4nel Peter, F\u00e4rbergasse 14, 96476 Rodach, Tel. 09564\/1741,&nbsp;<a href=\"mailto:Chpehaenel1@t-online.de\">Chpehaenel1@t-online.de<\/a><\/p>\n\n\n\n<p><strong>Schulungsleiter:<\/strong><\/p>\n\n\n\n<p>Wehrle Steffen, Tauererweg 3 , 95447 Bayreuth , Tel. 0160\/1907305,&nbsp;<a href=\"mailto:wehrle.bayreuth@freenet.de\">wehrle.bayreuth@freenet.de<\/a><\/p>\n\n\n<p><p>&nbsp;<\/p>\n<p>&nbsp;<\/p>\n<\/p>\n\n\n<figure class=\"wp-block-flexible-table-block-table\"><table class=\"has-fixed-layout\"><tbody><tr><td>&nbsp;<\/td><td>&nbsp;<\/td><td>&nbsp;<\/td><td>&nbsp;<\/td><td>&nbsp;<\/td><\/tr><tr><td>&nbsp;<\/td><td>&nbsp;<\/td><td>&nbsp;<\/td><td>&nbsp;<\/td><td>&nbsp;<\/td><\/tr><tr><td>&nbsp;<\/td><td>&nbsp;<\/td><td>&nbsp;<\/td><td>&nbsp;<\/td><td>&nbsp;<\/td><\/tr><tr><td>&nbsp;<\/td><td>&nbsp;<\/td><td>&nbsp;<\/td><td>&nbsp;<\/td><td>&nbsp;<\/td><\/tr><tr><td>&nbsp;<\/td><td>&nbsp;<\/td><td>&nbsp;<\/td><td>&nbsp;<\/td><td>&nbsp;<\/td><\/tr><tr><td>&nbsp;<\/td><td>&nbsp;<\/td><td>&nbsp;<\/td><td>&nbsp;<\/td><td>&nbsp;<\/td><\/tr><tr><td>&nbsp;<\/td><td>&nbsp;<\/td><td>&nbsp;<\/td><td>&nbsp;<\/td><td>&nbsp;<\/td><\/tr><tr><td>&nbsp;<\/td><td>&nbsp;<\/td><td>&nbsp;<\/td><td>&nbsp;<\/td><td>&nbsp;<\/td><\/tr><tr><td>&nbsp;<\/td><td>&nbsp;<\/td><td>&nbsp;<\/td><td>&nbsp;<\/td><td>&nbsp;<\/td><\/tr><tr><td>&nbsp;<\/td><td>&nbsp;<\/td><td>&nbsp;<\/td><td>&nbsp;<\/td><td>&nbsp;<\/td><\/tr><tr><td>&nbsp;<\/td><td>&nbsp;<\/td><td>&nbsp;<\/td><td>&nbsp;<\/td><td>&nbsp;<\/td><\/tr><tr><td>&nbsp;<\/td><td>&nbsp;<\/td><td>&nbsp;<\/td><td>&nbsp;<\/td><td>&nbsp;<\/td><\/tr><tr><td>&nbsp;<\/td><td>&nbsp;<\/td><td>&nbsp;<\/td><td>&nbsp;<\/td><td>&nbsp;<\/td><\/tr><tr><td>&nbsp;<\/td><td>&nbsp;<\/td><td>&nbsp;<\/td><td>&nbsp;<\/td><td>&nbsp;<\/td><\/tr><\/tbody><\/table><\/figure>\n\n\n<p><p>&nbsp;<\/p>\n<p>&nbsp;<\/p>\n<\/p>\n\n\n<h2 class=\"wp-block-heading\">Unterfranken<\/h2>\n\n\n<p><p>&nbsp;<\/p>\n<p><strong>Obmann:<\/strong><\/p>\n<\/p>\n\n\n<p>W\u00f6rtmann Peter, Kirchstra\u00dfe 29, 97437 Ha\u00dffurt-Sylbach, Tel. 09521-5527, 0172\/8314382,&nbsp;<a href=\"mailto:peter.woertmann@gmx.de\">peter.woertmann@gmx.de<\/a><\/p>\n\n\n\n<p><strong>Schulungsleiter:<\/strong><\/p>\n\n\n\n<p>Friedrich K\u00fchhorn, Wilhelm-Leibl-Weg 10, 97422 Schweinfurt, Tel. 09721\/469322,&nbsp;<a href=\"mailto:fkuehhorn@gmx.de\">fkuehhorn@gmx.de<\/a><\/p>\n\n\n<p><p>&nbsp;<\/p>\n<p>&nbsp;<\/p>\n<\/p>\n\n\n<figure class=\"wp-block-flexible-table-block-table\"><table class=\"has-fixed-layout\"><tbody><tr><td>&nbsp;<\/td><td>&nbsp;<\/td><td>&nbsp;<\/td><td>&nbsp;<\/td><td>&nbsp;<\/td><\/tr><tr><td>&nbsp;<\/td><td>&nbsp;<\/td><td>&nbsp;<\/td><td>&nbsp;<\/td><td>&nbsp;<\/td><\/tr><tr><td>&nbsp;<\/td><td>&nbsp;<\/td><td>&nbsp;<\/td><td>&nbsp;<\/td><td>&nbsp;<\/td><\/tr><tr><td>&nbsp;<\/td><td>&nbsp;<\/td><td>&nbsp;<\/td><td>&nbsp;<\/td><td>&nbsp;<\/td><\/tr><tr><td>&nbsp;<\/td><td>&nbsp;<\/td><td>&nbsp;<\/td><td>&nbsp;<\/td><td>&nbsp;<\/td><\/tr><tr><td>&nbsp;<\/td><td>&nbsp;<\/td><td>&nbsp;<\/td><td>&nbsp;<\/td><td>&nbsp;<\/td><\/tr><tr><td>&nbsp;<\/td><td>&nbsp;<\/td><td>&nbsp;<\/td><td>&nbsp;<\/td><td>&nbsp;<\/td><\/tr><tr><td>&nbsp;<\/td><td>&nbsp;<\/td><td>&nbsp;<\/td><td>&nbsp;<\/td><td>&nbsp;<\/td><\/tr><tr><td>&nbsp;<\/td><td>&nbsp;<\/td><td>&nbsp;<\/td><td>&nbsp;<\/td><td>&nbsp;<\/td><\/tr><tr><td>&nbsp;<\/td><td>&nbsp;<\/td><td>&nbsp;<\/td><td>&nbsp;<\/td><td>&nbsp;<\/td><\/tr><tr><td>&nbsp;<\/td><td>&nbsp;<\/td><td>&nbsp;<\/td><td>&nbsp;<\/td><td>&nbsp;<\/td><\/tr><tr><td>&nbsp;<\/td><td>&nbsp;<\/td><td>&nbsp;<\/td><td>&nbsp;<\/td><td>&nbsp;<\/td><\/tr><tr><td>&nbsp;<\/td><td>&nbsp;<\/td><td>&nbsp;<\/td><td>&nbsp;<\/td><td>&nbsp;<\/td><\/tr><tr><td>&nbsp;<\/td><td>&nbsp;<\/td><td>&nbsp;<\/td><td>&nbsp;<\/td><td>&nbsp;<\/td><\/tr><tr><td>&nbsp;<\/td><td>&nbsp;<\/td><td>&nbsp;<\/td><td>&nbsp;<\/td><td>&nbsp;<\/td><\/tr><tr><td>&nbsp;<\/td><td>&nbsp;<\/td><td>&nbsp;<\/td><td>&nbsp;<\/td><td>&nbsp;<\/td><\/tr><\/tbody><\/table><\/figure>\n\n\n\n<h2>Adressliste<\/h2><table border='1' cellpadding='5'><tr><th>Vorname<\/th><th>Nachname<\/th><th>PLZ<\/th><th>Ort<\/th><\/tr><tr>\n                        <td>Gabriel<\/td>\n                        <td>Junken<\/td>\n                        <td>11187<\/td>\n                        <td>Lippstadt<\/td>\n                    <\/tr><\/table>\n","protected":false},"excerpt":{"rendered":"<p>\u00a0 Oberbayern &nbsp; Obmann: Samietz Klaus Dieter, Truderinger Stra\u00dfe 140c, 81825 M\u00fcnchen, Tel. 089\/4313650, 017645786357,&nbsp;kdsamietz@web.de Schulungsleiter: Rudi Hoffmann, Mitterweg 6, 82404 Sindelsdorf, Tel. 0179 5016523,&nbsp;castorrex .hoffmann@t-online.de &nbsp; &nbsp; &nbsp; &nbsp; Schwaben &nbsp; Obmann: Gru\u00dfler Lorenz, Schlossstra\u00dfe 15 F, 86441 Zusmarshausen<\/p>\n","protected":false},"author":1,"featured_media":0,"parent":410,"menu_order":0,"comment_status":"closed","ping_status":"closed","template":"","meta":{"footnotes":""},"class_list":["post-418","page","type-page","status-publish","hentry"],"_links":{"self":[{"href":"https:\/\/demo.vbrk.de\/index.php?rest_route=\/wp\/v2\/pages\/418","targetHints":{"allow":["GET"]}}],"collection":[{"href":"https:\/\/demo.vbrk.de\/index.php?rest_route=\/wp\/v2\/pages"}],"about":[{"href":"https:\/\/demo.vbrk.de\/index.php?rest_route=\/wp\/v2\/types\/page"}],"author":[{"embeddable":true,"href":"https:\/\/demo.vbrk.de\/index.php?rest_route=\/wp\/v2\/users\/1"}],"replies":[{"embeddable":true,"href":"https:\/\/demo.vbrk.de\/index.php?rest_route=%2Fwp%2Fv2%2Fcomments&post=418"}],"version-history":[{"count":38,"href":"https:\/\/demo.vbrk.de\/index.php?rest_route=\/wp\/v2\/pages\/418\/revisions"}],"predecessor-version":[{"id":1296,"href":"https:\/\/demo.vbrk.de\/index.php?rest_route=\/wp\/v2\/pages\/418\/revisions\/1296"}],"up":[{"embeddable":true,"href":"https:\/\/demo.vbrk.de\/index.php?rest_route=\/wp\/v2\/pages\/410"}],"wp:attachment":[{"href":"https:\/\/demo.vbrk.de\/index.php?rest_route=%2Fwp%2Fv2%2Fmedia&parent=418"}],"curies":[{"name":"wp","href":"https:\/\/api.w.org\/{rel}","templated":true}]}}