{"id":412,"date":"2025-01-17T09:53:26","date_gmt":"2025-01-17T08:53:26","guid":{"rendered":"https:\/\/demo.vbrk.de\/?page_id=412"},"modified":"2025-09-17T13:09:55","modified_gmt":"2025-09-17T11:09:55","slug":"hilfsmittel","status":"publish","type":"page","link":"https:\/\/demo.vbrk.de\/?page_id=412","title":{"rendered":"Hilfsmittel"},"content":{"rendered":"\n<figure class=\"wp-block-table\"><table class=\"has-fixed-layout\"><tbody><tr><td><strong>Antrags &#8211; und Meldungsformulare:<\/strong><br>Hier k\u00f6nnen Sie Formulare f\u00fcr Antr\u00e4ge und Meldungen herunterladen. Um die Formulare nutzen zu k\u00f6nnen, m\u00fcssen Sie Microsoft Word ab Version 2003 installiert haben.<br><br><strong>Gehen Sie wie folgt vor:<\/strong><br>Speichern Sie das Formular auf Ihrer Festplatte (am besten klicken Sie mit der rechten Maustaste auf das Formular und w\u00e4hlen &#8222;Ziel speichern unter&#8220;, dann w\u00e4hlen Sie ein Verzeichnis aus und laden das Formular herunter).<br><br>\u00d6ffnen Sie das Formular mit Word. F\u00fcllen Sie die entsprechenden Felder aus. Am bequemsten benutzen Sie die Tabulator-Taste, um auf das n\u00e4chste Feld zu springen.<br><br>Sie drucken das ausgef\u00fcllte Formular aus, unterschreiben es, und geben dies bei der entsprechenden Stelle ab.&nbsp;<\/td><\/tr><\/tbody><\/table><\/figure>\n\n\n\n<p><p>&nbsp;<\/p>\n<p>&nbsp;<\/p><\/p>\n\n\n\n<div class=\"wp-block-buttons is-content-justification-center is-layout-flex wp-container-core-buttons-is-layout-16018d1d wp-block-buttons-is-layout-flex\">\n<div class=\"wp-block-button is-style-outline is-style-outline--1\"><a class=\"wp-block-button__link wp-element-button\" href=\"https:\/\/demo.vbrk.de\/?page_id=426\"><mark style=\"background-color: #ffffff;\">Tipps &amp; Tricks<\/mark><\/a><\/div>\n\n\n\n<div class=\"wp-block-button is-style-outline is-style-outline--2\"><a class=\"wp-block-button__link wp-element-button\" href=\"https:\/\/demo.vbrk.de\/?page_id=1214\"><mark style=\"background-color: #ffffff;\">Formulare<\/mark><\/a><\/div>\n\n\n\n<div class=\"wp-block-button is-style-outline is-style-outline--3\"><a class=\"wp-block-button__link wp-element-button\" href=\"https:\/\/demo.vbrk.de\/?page_id=1212\"><mark style=\"background-color: #ffffff;\">Drucksachen<\/mark><\/a><\/div>\n<\/div>\n\n\n\n<p>&nbsp;<\/p>\n\n\n\n<p>&nbsp;<\/p>\n","protected":false},"excerpt":{"rendered":"<p>Antrags &#8211; und Meldungsformulare:Hier k\u00f6nnen Sie Formulare f\u00fcr Antr\u00e4ge und Meldungen herunterladen. Um die Formulare nutzen zu k\u00f6nnen, m\u00fcssen Sie Microsoft Word ab Version 2003 installiert haben. Gehen Sie wie folgt vor:Speichern Sie das Formular auf Ihrer Festplatte (am besten<\/p>\n","protected":false},"author":1,"featured_media":0,"parent":0,"menu_order":0,"comment_status":"closed","ping_status":"closed","template":"","meta":{"footnotes":""},"class_list":["post-412","page","type-page","status-publish","hentry"],"_links":{"self":[{"href":"https:\/\/demo.vbrk.de\/index.php?rest_route=\/wp\/v2\/pages\/412","targetHints":{"allow":["GET"]}}],"collection":[{"href":"https:\/\/demo.vbrk.de\/index.php?rest_route=\/wp\/v2\/pages"}],"about":[{"href":"https:\/\/demo.vbrk.de\/index.php?rest_route=\/wp\/v2\/types\/page"}],"author":[{"embeddable":true,"href":"https:\/\/demo.vbrk.de\/index.php?rest_route=\/wp\/v2\/users\/1"}],"replies":[{"embeddable":true,"href":"https:\/\/demo.vbrk.de\/index.php?rest_route=%2Fwp%2Fv2%2Fcomments&post=412"}],"version-history":[{"count":22,"href":"https:\/\/demo.vbrk.de\/index.php?rest_route=\/wp\/v2\/pages\/412\/revisions"}],"predecessor-version":[{"id":1234,"href":"https:\/\/demo.vbrk.de\/index.php?rest_route=\/wp\/v2\/pages\/412\/revisions\/1234"}],"wp:attachment":[{"href":"https:\/\/demo.vbrk.de\/index.php?rest_route=%2Fwp%2Fv2%2Fmedia&parent=412"}],"curies":[{"name":"wp","href":"https:\/\/api.w.org\/{rel}","templated":true}]}}