{"id":128,"date":"2014-05-31T17:26:27","date_gmt":"2014-05-31T17:26:27","guid":{"rendered":"http:\/\/demo.themegrill.com\/accelerate\/?page_id=128"},"modified":"2025-08-25T15:43:46","modified_gmt":"2025-08-25T13:43:46","slug":"about-us-2","status":"publish","type":"page","link":"https:\/\/demo.vbrk.de\/?page_id=128","title":{"rendered":"Wir \u00fcber uns"},"content":{"rendered":"\n<h1 class=\"wp-block-heading\">Der Sitz des Verbands Bayerischer Rassekaninchenz\u00fcchter e.V.<br>Am alten S\u00e4gewerk 7, 95349 Thurnau<\/h1>\n\n\n<div class=\"wp-block-image\">\n<figure class=\"aligncenter\"><img loading=\"lazy\" decoding=\"async\" width=\"1024\" height=\"589\" src=\"https:\/\/demo.vbrk.de\/wp-content\/uploads\/2025\/08\/halle-1024x589.jpg\" alt=\"\" class=\"wp-image-657\" srcset=\"https:\/\/demo.vbrk.de\/wp-content\/uploads\/2025\/08\/halle-1024x589.jpg 1024w, https:\/\/demo.vbrk.de\/wp-content\/uploads\/2025\/08\/halle-300x172.jpg 300w, https:\/\/demo.vbrk.de\/wp-content\/uploads\/2025\/08\/halle-768x442.jpg 768w, https:\/\/demo.vbrk.de\/wp-content\/uploads\/2025\/08\/halle.jpg 1515w\" sizes=\"auto, (max-width: 1024px) 100vw, 1024px\" \/><\/figure>\n<\/div>\n\n\n<p>Der Landesverband Bayerischer Rassekaninchenz\u00fcchter (VBRK) wurde im Jahre 1895 gegr\u00fcndet und hat seinen Sitz in 95349 Thurnau am alten S\u00e4gewerk 7. Hier besitzt der Verband eine vereinseigene Halle mit dem dazugeh\u00f6renden Grundst\u00fcck, in der nicht nur die Gesch\u00e4ftsr\u00e4ume untergebracht sind, sondern auch ein gro\u00dfz\u00fcgiges K\u00e4figlager mit gebaut wurde.<\/p>\n\n\n\n<p>Unser Landesverband ist entgegen den anderen Landesverb\u00e4nden innerhalb des ZDRK in 7 Bezirksverb\u00e4nde mit 47 Kreisverb\u00e4nden gegliedert. In diesen Kreisverb\u00e4nden befinden sich wiederum 510 Ortsvereine. Im VBRK sind zurzeit insgesamt 18.932 Mitglieder gemeldet. Leider ist hier die Zahl seit Jahren r\u00fcckl\u00e4ufig.<\/p>\n\n\n\n<p>Bei unserer Jugend, die ebenfalls in Bezirksverb\u00e4nde, Kreisverb\u00e4nde und Ortsvereine gegliedert ist, haben wir derzeit 2.282 Mitglieder, die in 382 Gruppen gemeldet sind. Au\u00dferdem haben sich 2.250 Z\u00fcchter in 23 Spezialclubs mit 110 Sektionen zusammengefunden, die zum Teil schon 1907 gegr\u00fcndet wurden. In diesen Spezialclubs werden die einzelnen Rassen noch intensiver als in den normalen Zuchtvereinen gez\u00fcchtet, um die Rassen nach den geforderten Bewertungsmerkmalen, die von unserem Standard vorgegeben sind, zu festigen und zu verbessern.<\/p>\n\n\n\n<p>Die Preisrichtergruppe Bayern ist in 8 Gruppen eingeteilt (Oberbayern, Schwaben, Mittelfranken, Niederbayern, Oberfranken Ost, Oberfranken S\u00fcd, Oberpfalz und Unterfranken), wobei die Gruppe Oberfranken in eine Gruppe Oberfranken Ost und S\u00fcd wegen der gro\u00dfen r\u00e4umlichen Ausdehnung dieses Regierungsbezirkes unterteilt wurde. Zurzeit verf\u00fcgt die Preisrichtergruppe im Landesverband \u00fcber 93 aktive Richter, 3 Hilfsrichter und 19 passive Mitglieder. F\u00fcr die neu geschaffene Abteilung Kaninhop-Turniere der Tierfreunde in Bayern stehen 16 Schiedsrichter zur Verf\u00fcgung.<\/p>\n\n\n\n<p>Unsere Handarbeits- und Kreativgruppen (HuK) mit derzeit 679 Mitgliedern, ebenfalls in 7 Bezirksverb\u00e4nden organisiert, tragen zum aktiven Vereinsgeschehen bei und versch\u00f6nern unsere Ausstellungen mit ihren in m\u00fchseliger Arbeit erzeugten Produkten.<\/p>\n\n\n\n<p>Weitere Abteilungen unseres Verbandes sind die Herdbuchabteilung, die zurzeit einen kleinen Aufschwung erlebt. Eine Besonderheit ist die Fritz-Aichele-Stiftung, die vom Bezirksverband Niederbayern (Ludwig Schedlbauer, Vilshofen) betreut wird. In dieser Stiftung wurde festgelegt, dass an verdiente langj\u00e4hrige Mitglieder oder an Mitglieder mit besonders aktiver T\u00e4tigkeit in der Organisation oder Zucht Ehrennadeln in Bronze, Silber oder Gold mit oder ohne Lorbeerkranz vergeben werden k\u00f6nnen. Au\u00dferdem vergibt der VBRK Ehrennadeln in Silber f\u00fcr 25 Jahre und Gold f\u00fcr 40 Jahre Mitgliedschaft, sowie Ehrenurkunden f\u00fcr 50, 60 und mehr Jahre Mitgliedschaft im Landesverband.<\/p>\n\n\n\n<p>Unsere aktiven Z\u00fcchter halten ihre Tiere entweder zuhause oder z\u00fcchten in zahlreichen Zuchtanlagen, die in Bayern noch eine weite Verbreitung finden. Unser Landesverband ist nach Mitgliederzahlen der zweitst\u00e4rkste Verband innerhalb des Zentralverbandes (ZDRK) und betreut die Z\u00fcchter vom s\u00fcdlichsten Zipfel des Freistaates wie dem Bodensee oder Berchtesgaden bis ins n\u00f6rdliche Bayern nach Hof und \u00fcber W\u00fcrzburg hinaus bis zum Bundesland Hessen.<\/p>\n\n\n\n<p>Zahlreiche Jungtier- und Vereinsausstellungen sowie Tischbewertungen pr\u00e4gen das Zuchtjahr. Im zweij\u00e4hrigen Turnus finden Kreisschauen der einzelnen Kreise, Bezirksschauen (die zum Teil mehr ausgestellte Tiere aufweisen als manche Landesschau), die Landesschau und die Landesclubschau statt. Au\u00dferdem messen unsere Jugendgruppen ihre Tiere im fairen Wettstreit auf der Landesjugendjungtierschau, die ebenfalls in zweij\u00e4hrigem Turnus stattfindet. Des Weiteren werden Kaninhop-Turniere abgehalten, die gro\u00dfen Zuspruch finden. Unsere Spezialclubs f\u00fchren ebenfalls Clubschauen durch, die auf Ebene der gef\u00fchrten Hauptclubs stattfinden.<\/p>\n\n\n\n<p>Wir hoffen, dass uns unser sch\u00f6nes anspruchsvolles Hobby noch recht lange erhalten bleibt und wir damit einen nicht unbedeutenden Beitrag zur Arterhaltung und zum Naturschutz beitragen k\u00f6nnen.<\/p>\n\n\n\n<p><em>Stand 201<\/em>7<\/p>\n","protected":false},"excerpt":{"rendered":"<p>Der Landesverband Bayerischer Rassekaninchenz\u00fcchter (VBRK) wurde im Jahre 1895 gegr\u00fcndet und hat seinen Sitz in 95349 Thurnau am alten S\u00e4gwerk 7.\u00a0<br \/>\nHier besitzt der Verband eine vereinseigene Halle mit dem dazugeh\u00f6renden Grundst\u00fcck, in der nicht nur die Gesch\u00e4ftsr\u00e4ume untergebracht sind, sondern auch ein gro\u00dfz\u00fcgiges K\u00e4figlager mit gebaut wurde.<\/p>\n","protected":false},"author":1,"featured_media":337,"parent":0,"menu_order":0,"comment_status":"closed","ping_status":"closed","template":"","meta":{"footnotes":""},"class_list":["post-128","page","type-page","status-publish","has-post-thumbnail","hentry"],"_links":{"self":[{"href":"https:\/\/demo.vbrk.de\/index.php?rest_route=\/wp\/v2\/pages\/128","targetHints":{"allow":["GET"]}}],"collection":[{"href":"https:\/\/demo.vbrk.de\/index.php?rest_route=\/wp\/v2\/pages"}],"about":[{"href":"https:\/\/demo.vbrk.de\/index.php?rest_route=\/wp\/v2\/types\/page"}],"author":[{"embeddable":true,"href":"https:\/\/demo.vbrk.de\/index.php?rest_route=\/wp\/v2\/users\/1"}],"replies":[{"embeddable":true,"href":"https:\/\/demo.vbrk.de\/index.php?rest_route=%2Fwp%2Fv2%2Fcomments&post=128"}],"version-history":[{"count":19,"href":"https:\/\/demo.vbrk.de\/index.php?rest_route=\/wp\/v2\/pages\/128\/revisions"}],"predecessor-version":[{"id":669,"href":"https:\/\/demo.vbrk.de\/index.php?rest_route=\/wp\/v2\/pages\/128\/revisions\/669"}],"wp:featuredmedia":[{"embeddable":true,"href":"https:\/\/demo.vbrk.de\/index.php?rest_route=\/wp\/v2\/media\/337"}],"wp:attachment":[{"href":"https:\/\/demo.vbrk.de\/index.php?rest_route=%2Fwp%2Fv2%2Fmedia&parent=128"}],"curies":[{"name":"wp","href":"https:\/\/api.w.org\/{rel}","templated":true}]}}