{"id":1214,"date":"2025-09-17T12:56:58","date_gmt":"2025-09-17T10:56:58","guid":{"rendered":"https:\/\/demo.vbrk.de\/?page_id=1214"},"modified":"2025-09-17T12:59:43","modified_gmt":"2025-09-17T10:59:43","slug":"formulare","status":"publish","type":"page","link":"https:\/\/demo.vbrk.de\/?page_id=1214","title":{"rendered":"Formulare"},"content":{"rendered":"\n<figure class=\"wp-block-table\"><table class=\"has-fixed-layout\"><tbody><tr><td><strong>Richtlinien und Bestimmungen<\/strong><\/td><td><strong>Word<\/strong><\/td><td><strong>Acrobat<\/strong><\/td><\/tr><tr><td>Bestimmungen \u00fcber die Ernennung von Altmeistern<\/td><td><\/td><td><\/td><\/tr><tr><td>Bestimmungen \u00fcber die Ernennung von LV Ehrenmitgliedern<\/td><td><a href=\"https:\/\/www.kaninchen-bayern.de\/_html\/hilfsmittel\/formulare\/vbk_formulare\/bestimmungen_ehrenmitglied.doc\"><\/a><\/td><td><strong><a href=\"https:\/\/www.kaninchen-bayern.de\/_html\/hilfsmittel\/formulare\/vbk_formulare\/bestimmungen_ehrenmitglied.pdf\"><\/a><\/strong><\/td><\/tr><tr><td>Richtlinien f\u00fcr die Vergabe von F\u00f6rdernadeln f\u00fcr F\u00f6rderer der Kaninchenzucht<\/td><td><a href=\"https:\/\/www.kaninchen-bayern.de\/_html\/hilfsmittel\/formulare\/vbk_formulare\/richtlinien_foerderer.doc\"><\/a><\/td><td><strong><a href=\"https:\/\/www.kaninchen-bayern.de\/_html\/hilfsmittel\/formulare\/vbk_formulare\/richtlinien_foerderer.pdf\"><\/a><\/strong><\/td><\/tr><tr><td>Bestimmungen f\u00fcr Zuchtgemeinschaften<\/td><td>&nbsp;<\/td><td><strong><a href=\"https:\/\/www.kaninchen-bayern.de\/_html\/hilfsmittel\/formulare\/vbk_formulare\/bestimmungen_zuchtgemeinschaften.pdf\"><\/a><\/strong><\/td><\/tr><tr><td>Erg\u00e4nzende Bestimmungen f\u00fcr Kanin-Hop Turniere im Landesverband Bayerischer Rassekaninchenz\u00fcchter e.V.<\/td><td>&nbsp;<\/td><td><strong><a href=\"https:\/\/www.kaninchen-bayern.de\/_html\/hilfsmittel\/formulare\/vbk_formulare\/anordnung_kaninhop_turnierregeln.pdf\" target=\"_blank\" rel=\"noreferrer noopener\"><\/a><\/strong><\/td><\/tr><tr><td>Anweisung zur Schutzimpfung der Rassekaninchen gegen RHD<\/td><td>&nbsp;<\/td><td><strong><a href=\"https:\/\/www.kaninchen-bayern.de\/_html\/hilfsmittel\/formulare\/vbk_formulare\/anordnung_rhd2.pdf\" target=\"_blank\" rel=\"noreferrer noopener\"><\/a><\/strong><\/td><\/tr><tr><td>Anweisung zur Erhebung der Rassestatistik im Rahmen der TRGDEU (Tiergenetischer Ressourcen Deutschland<\/td><td>&nbsp;<\/td><td><strong><a href=\"https:\/\/www.kaninchen-bayern.de\/_html\/hilfsmittel\/formulare\/vbk_formulare\/anordnung_trgdeu.pdf\" target=\"_blank\" rel=\"noreferrer noopener\"><\/a><\/strong><\/td><\/tr><\/tbody><\/table><\/figure>\n\n\n\n<figure class=\"wp-block-table\"><table class=\"has-fixed-layout\"><tbody><tr><td><strong>Formulare f\u00fcr Microsoft Word<\/strong><\/td><td><strong>Word<\/strong><\/td><td><strong>Acrobat<\/strong><\/td><\/tr><tr><td>Antrag zur Ernennung von Altmeistern<\/td><td><a href=\"https:\/\/www.kaninchen-bayern.de\/_html\/hilfsmittel\/formulare\/vbk_formulare\/antrag_altmeister.doc\"><\/a><\/td><td><a href=\"https:\/\/www.kaninchen-bayern.de\/_html\/hilfsmittel\/formulare\/vbk_formulare\/antrag_altmeister.pdf\"><\/a><strong><\/strong><\/td><\/tr><tr><td>Antrag zur Verleihung der Ehrenmitgliedschaft<\/td><td><a href=\"https:\/\/www.kaninchen-bayern.de\/_html\/hilfsmittel\/formulare\/vbk_formulare\/antrag_ehrenmitglied.doc\"><\/a><\/td><td><a href=\"https:\/\/www.kaninchen-bayern.de\/_html\/hilfsmittel\/formulare\/vbk_formulare\/antrag_ehrenmitglied.pdf\"><\/a><strong><\/strong><\/td><\/tr><tr><td>Antrag zur Verleihung der F\u00f6rdernadel<\/td><td><a href=\"https:\/\/www.kaninchen-bayern.de\/_html\/hilfsmittel\/formulare\/vbk_formulare\/antrag_foerderer.doc\"><\/a><\/td><td><a href=\"https:\/\/www.kaninchen-bayern.de\/_html\/hilfsmittel\/formulare\/vbk_formulare\/antrag_foerderer.pdf\"><\/a><strong><\/strong><\/td><\/tr><tr><td>Antrag auf Verleihung einer Jubil\u00e4umsurkunde<\/td><td><a href=\"https:\/\/www.kaninchen-bayern.de\/_html\/hilfsmittel\/formulare\/vbk_formulare\/antrag_vereinsjubilaeum.docx\"><\/a><\/td><td><a href=\"https:\/\/www.kaninchen-bayern.de\/_html\/hilfsmittel\/formulare\/vbk_formulare\/antrag_vereinsjubilaeum.pdf\"><\/a><strong><\/strong><\/td><\/tr><tr><td>Antrag auf Verleihung Ehrennadeln und Urkunden<\/td><td><a href=\"https:\/\/www.kaninchen-bayern.de\/_html\/hilfsmittel\/formulare\/vbk_formulare\/antrag_ehrennadeln_urkunden.docx\"><\/a><\/td><td><a href=\"https:\/\/www.kaninchen-bayern.de\/_html\/hilfsmittel\/formulare\/vbk_formulare\/antrag_ehrennadeln_urkunden.pdf\"><\/a><strong><\/strong><\/td><\/tr><tr><td>Antrag f\u00fcr die Genehmigung eines Kreuzungsversuchs (AAB \u00a7\u00a7 4,12)<\/td><td><a href=\"https:\/\/www.kaninchen-bayern.de\/_html\/hilfsmittel\/formulare\/vbk_formulare\/antrag_kreuzungsversuch.docx\"><\/a><\/td><td><strong><a href=\"https:\/\/www.kaninchen-bayern.de\/_html\/hilfsmittel\/formulare\/vbk_formulare\/antrag_kreuzungsversuch.pdf\"><\/a><\/strong><\/td><\/tr><tr><td>Anmeldung einer Ausstellung \/ Ausstellungsgenehmigung<\/td><td><a href=\"https:\/\/www.kaninchen-bayern.de\/_html\/hilfsmittel\/formulare\/vbk_formulare\/antrag_ausstellungsantrag.docx\"><\/a><\/td><td><a href=\"https:\/\/www.kaninchen-bayern.de\/_html\/hilfsmittel\/formulare\/vbk_formulare\/antrag_ausstellungsantrag.pdf\"><\/a><strong><\/strong><\/td><\/tr><tr><td>Antrag f\u00fcr die Genehmigung einer Zuchtgemeinschaft<\/td><td><a href=\"https:\/\/www.kaninchen-bayern.de\/_html\/hilfsmittel\/formulare\/vbk_formulare\/antrag_zuchtgemeinsch.doc\"><\/a><\/td><td><a href=\"https:\/\/www.kaninchen-bayern.de\/_html\/hilfsmittel\/formulare\/vbk_formulare\/antrag_zuchtgemeinsch.pdf\"><\/a><strong><\/strong><\/td><\/tr><tr><td>Impfzeugnis<\/td><td><a href=\"https:\/\/www.kaninchen-bayern.de\/_html\/hilfsmittel\/formulare\/vbk_formulare\/Impfzeugnis2020.docx\"><\/a><\/td><td><a href=\"https:\/\/www.kaninchen-bayern.de\/_html\/hilfsmittel\/formulare\/vbk_formulare\/Impfzeugnis2020.pdf\"><\/a><strong><\/strong><\/td><\/tr><tr><td>Antrag f\u00fcr die Genehmigung\/Zulassung einer Neuz\u00fcchtung\/Nachzucht (AAB \u00a7 4,12,13)<\/td><td><a href=\"https:\/\/www.kaninchen-bayern.de\/_html\/hilfsmittel\/formulare\/vbk_formulare\/antrag_neuzuechtung.doc\"><\/a><\/td><td><a href=\"https:\/\/www.kaninchen-bayern.de\/_html\/hilfsmittel\/formulare\/vbk_formulare\/antrag_neuzuechtung.pdf\"><\/a><strong><\/strong><\/td><\/tr><tr><td>Merkblatt f\u00fcr die Standardkommissionen der Landesverb\u00e4nde<br>Neuz\u00fcchtungen und Nachzuchten gem\u00e4\u00df \u00a7\u00a7 12 und 13 AAB<\/td><td>&nbsp;<\/td><td><strong><a href=\"https:\/\/www.kaninchen-bayern.de\/_html\/hilfsmittel\/formulare\/vbk_formulare\/merkblatt_standardkommissionen_der_landesverbaende.pdf\"><\/a><\/strong><\/td><\/tr><tr><td>Formular f\u00fcr Nach- und Fehlt\u00e4towierungen bei Rassekaninchen<\/td><td><a href=\"https:\/\/www.kaninchen-bayern.de\/_html\/hilfsmittel\/formulare\/vbk_formulare\/formular_nach_und_fehltaetowierungen.doc\"><\/a><\/td><td><a href=\"https:\/\/www.kaninchen-bayern.de\/_html\/hilfsmittel\/formulare\/vbk_formulare\/formular_nach_und_fehltaetowierungen.pdf\"><\/a><strong><\/strong><\/td><\/tr><tr><td>Statistischer Meldebogen f\u00fcr den Tierbestand und die aufgezogenen Jungtiere 2024<\/td><td><a href=\"https:\/\/www.kaninchen-bayern.de\/_html\/hilfsmittel\/formulare\/vbk_formulare\/rassenliste_2024.doc\"><\/a><\/td><td><a href=\"https:\/\/www.kaninchen-bayern.de\/_html\/hilfsmittel\/formulare\/vbk_formulare\/rassenliste_2024.pdf\"><\/a><strong><\/strong><\/td><\/tr><tr><td>Statistischer Meldebogen f\u00fcr den Tierbestand und die aufgezogenen Jungtiere Kurzform 2024<\/td><td><a href=\"https:\/\/www.kaninchen-bayern.de\/_html\/hilfsmittel\/formulare\/vbk_formulare\/rassenliste_2024_kurzform.docx\"><\/a><\/td><td><strong><a href=\"https:\/\/www.kaninchen-bayern.de\/_html\/hilfsmittel\/formulare\/vbk_formulare\/rassenliste_2024_kurzform.pdf\"><\/a><\/strong><\/td><\/tr><tr><td>LVE &#8211; Anforderung und Statistikbogen<\/td><td><a href=\"https:\/\/www.kaninchen-bayern.de\/_html\/hilfsmittel\/formulare\/vbk_formulare\/lve_anforderung_und_statistikbogen.doc\"><\/a><\/td><td><strong><a href=\"https:\/\/www.kaninchen-bayern.de\/_html\/hilfsmittel\/formulare\/vbk_formulare\/lve_anforderung_und_statistikbogen.pdf\"><\/a><\/strong><\/td><\/tr><tr><td>Ehrungsantrag ZDRK<\/td><td>&nbsp;<\/td><td><strong><a href=\"https:\/\/www.kaninchen-bayern.de\/_html\/hilfsmittel\/formulare\/vbk_formulare\/ehrungsantrag_zdrk.pdf\"><\/a><\/strong><\/td><\/tr><tr><td>Antrag Ehrennadeln Clubs<\/td><td>&nbsp;<\/td><td><strong><a href=\"https:\/\/www.kaninchen-bayern.de\/_html\/hilfsmittel\/formulare\/vbk_formulare\/antrag_ehrennadeln_clubs.pdf\"><\/a><\/strong><\/td><\/tr><tr><td>Antrag auf Kostenerstattung f\u00fcr die Tieruntersuchung<br>beim Tiergesundheitsdienst Bayern<\/td><td>&nbsp;<\/td><td><strong><a href=\"https:\/\/www.kaninchen-bayern.de\/_html\/hilfsmittel\/formulare\/vbk_formulare\/vbrk_antrag_kostenerstattung.pdf\"><\/a><\/strong><\/td><\/tr><\/tbody><\/table><\/figure>\n\n\n\n<figure class=\"wp-block-table\"><table class=\"has-fixed-layout\"><tbody><tr><td><strong>Formulare Fritz &#8211; Aichele &#8211; Stiftung<\/strong><\/td><td><strong>Word<\/strong><\/td><td><strong>Acrobat<\/strong><\/td><\/tr><tr><td>Allgemeine Vergabebestimmungen der Fritz-Aichele-Stiftung Bestimmung 1<\/td><td><a href=\"https:\/\/www.kaninchen-bayern.de\/_html\/hilfsmittel\/formulare\/aichele\/bestimmung1.doc\" target=\"_blank\" rel=\"noreferrer noopener\"><\/a><\/td><td><strong><a href=\"https:\/\/www.kaninchen-bayern.de\/_html\/hilfsmittel\/formulare\/aichele\/bestimmung1.pdf\" target=\"_blank\" rel=\"noreferrer noopener\"><\/a><\/strong><\/td><\/tr><tr><td>Besondere Hinweise<\/td><td><a href=\"https:\/\/www.kaninchen-bayern.de\/_html\/hilfsmittel\/formulare\/aichele\/bestimmung2.docx\" target=\"_blank\" rel=\"noreferrer noopener\"><\/a><\/td><td><strong><a href=\"https:\/\/www.kaninchen-bayern.de\/_html\/hilfsmittel\/formulare\/aichele\/bestimmung2.pdf\" target=\"_blank\" rel=\"noreferrer noopener\"><\/a><\/strong><\/td><\/tr><tr><td>Antrag zur Verleihung der &#8222;Fritz-Aichele-Leistungs-Ehrennadel&#8220;&nbsp;<strong>mit<\/strong>&nbsp;Lorbeerkranz in GOLD &#8211; SILBER &#8211; BRONZE<\/td><td><a href=\"https:\/\/www.kaninchen-bayern.de\/_html\/hilfsmittel\/formulare\/aichele\/antrag1.docx\" target=\"_blank\" rel=\"noreferrer noopener\"><\/a><\/td><td><strong><a href=\"https:\/\/www.kaninchen-bayern.de\/_html\/hilfsmittel\/formulare\/aichele\/antrag1.pdf\" target=\"_blank\" rel=\"noreferrer noopener\"><\/a><\/strong><\/td><\/tr><tr><td>Zur Verleihung der &#8222;Fritz-Aichele-Treue-Ehrennadel&#8220;&nbsp;<strong>ohne<\/strong>&nbsp;Lorbeerkranz in GOLD &#8211; SILBER &#8211; BRONZE<\/td><td><a href=\"https:\/\/www.kaninchen-bayern.de\/_html\/hilfsmittel\/formulare\/aichele\/antrag2.docx\" target=\"_blank\" rel=\"noreferrer noopener\"><\/a><\/td><td><strong><a href=\"https:\/\/www.kaninchen-bayern.de\/_html\/hilfsmittel\/formulare\/aichele\/antrag2.pdf\" target=\"_blank\" rel=\"noreferrer noopener\"><\/a><\/strong><\/td><\/tr><\/tbody><\/table><\/figure>\n","protected":false},"excerpt":{"rendered":"<p>Richtlinien und Bestimmungen Word Acrobat Bestimmungen \u00fcber die Ernennung von Altmeistern Bestimmungen \u00fcber die Ernennung von LV Ehrenmitgliedern Richtlinien f\u00fcr die Vergabe von F\u00f6rdernadeln f\u00fcr F\u00f6rderer der Kaninchenzucht Bestimmungen f\u00fcr Zuchtgemeinschaften &nbsp; Erg\u00e4nzende Bestimmungen f\u00fcr Kanin-Hop Turniere im Landesverband Bayerischer<\/p>\n","protected":false},"author":2,"featured_media":0,"parent":0,"menu_order":0,"comment_status":"closed","ping_status":"closed","template":"","meta":{"footnotes":""},"class_list":["post-1214","page","type-page","status-publish","hentry"],"_links":{"self":[{"href":"https:\/\/demo.vbrk.de\/index.php?rest_route=\/wp\/v2\/pages\/1214","targetHints":{"allow":["GET"]}}],"collection":[{"href":"https:\/\/demo.vbrk.de\/index.php?rest_route=\/wp\/v2\/pages"}],"about":[{"href":"https:\/\/demo.vbrk.de\/index.php?rest_route=\/wp\/v2\/types\/page"}],"author":[{"embeddable":true,"href":"https:\/\/demo.vbrk.de\/index.php?rest_route=\/wp\/v2\/users\/2"}],"replies":[{"embeddable":true,"href":"https:\/\/demo.vbrk.de\/index.php?rest_route=%2Fwp%2Fv2%2Fcomments&post=1214"}],"version-history":[{"count":2,"href":"https:\/\/demo.vbrk.de\/index.php?rest_route=\/wp\/v2\/pages\/1214\/revisions"}],"predecessor-version":[{"id":1220,"href":"https:\/\/demo.vbrk.de\/index.php?rest_route=\/wp\/v2\/pages\/1214\/revisions\/1220"}],"wp:attachment":[{"href":"https:\/\/demo.vbrk.de\/index.php?rest_route=%2Fwp%2Fv2%2Fmedia&parent=1214"}],"curies":[{"name":"wp","href":"https:\/\/api.w.org\/{rel}","templated":true}]}}